{"id":1004,"date":"2022-07-08T00:36:53","date_gmt":"2022-07-08T00:36:53","guid":{"rendered":"https:\/\/www.rlfasteners.com\/?page_id=1004"},"modified":"2023-07-20T02:10:18","modified_gmt":"2023-07-20T02:10:18","slug":"furniture-fastening","status":"publish","type":"page","link":"https:\/\/www.rlfasteners.com\/de\/furniture-fastening\/","title":{"rendered":"M\u00f6belbefestigung"},"content":{"rendered":"<p>Verschiedene M\u00f6bel erfordern unterschiedliche Arten von Befestigungselementen, die eine reibungslose Verwendung der Teile gew\u00e4hrleisten. Und diese Befestigungselemente m\u00fcssen \u00e4u\u00dferst langlebig und gut verschwei\u00dft sein, damit sie Ihren Erwartungen gerecht werden. Und bei CNRL haben wir einen gro\u00dfen Bestand an Standard-M\u00f6belbefestigungen, sodass Sie sicherlich eine gro\u00dfe Produktpalette zur Auswahl haben.<\/p>\n\n\n\n<p>Egal, ob Sie M\u00f6belhersteller oder Lieferant von M\u00f6belbefestigungen sind, bei CNRL finden Sie garantiert, was Sie brauchen. Unser Expertenteam k\u00fcmmert sich auch um Ihre individuellen Anforderungen an M\u00f6belbefestigungen und \u00fcbertrifft Ihre Erwartungen in Bezug auf Design und Qualit\u00e4t!<\/p>","protected":false},"excerpt":{"rendered":"<p>Verschiedene M\u00f6bel erfordern unterschiedliche Arten von Befestigungselementen, die eine reibungslose Verwendung der Teile gew\u00e4hrleisten. Und diese Befestigungselemente m\u00fcssen \u00e4u\u00dferst langlebig und gut verschwei\u00dft sein, damit sie Ihren Erwartungen gerecht werden. Und bei CNRL haben wir einen gro\u00dfen Bestand an Standard-M\u00f6belbefestigungen, der Ihnen sicherlich eine gro\u00dfe Produktpalette zur Auswahl bietet [\u2026]<\/p>","protected":false},"author":1,"featured_media":1303,"parent":0,"menu_order":0,"comment_status":"closed","ping_status":"closed","template":"template-solutions.php","meta":{"footnotes":""},"class_list":["post-1004","page","type-page","status-publish","has-post-thumbnail","hentry"],"yoast_head":"<!-- This site is optimized with the Yoast SEO plugin v23.8 - https:\/\/yoast.com\/wordpress\/plugins\/seo\/ -->\n<title>Furniture Fastening | CNRL Fastener Manufacturer<\/title>\n<meta name=\"description\" content=\"And at CNRL, we have a large inventory of standard furniture fasteners that will surely offer you a wide range of products to choose from.\" \/>\n<meta name=\"robots\" content=\"index, follow, max-snippet:-1, max-image-preview:large, max-video-preview:-1\" \/>\n<link rel=\"canonical\" href=\"https:\/\/www.rlfasteners.com\/de\/furniture-fastening\/\" \/>\n<meta property=\"og:locale\" content=\"de_DE\" \/>\n<meta property=\"og:type\" content=\"article\" \/>\n<meta property=\"og:title\" content=\"Furniture Fastening | CNRL Fastener Manufacturer\" \/>\n<meta property=\"og:description\" content=\"And at CNRL, we have a large inventory of standard furniture fasteners that will surely offer you a wide range of products to choose from.\" \/>\n<meta property=\"og:url\" content=\"https:\/\/www.rlfasteners.com\/de\/furniture-fastening\/\" \/>\n<meta property=\"og:site_name\" content=\"Fastener Manufacturer\" \/>\n<meta property=\"article:publisher\" content=\"https:\/\/www.facebook.com\/CNRLfasteners\" \/>\n<meta property=\"article:modified_time\" content=\"2023-07-20T02:10:18+00:00\" \/>\n<meta property=\"og:image\" content=\"https:\/\/www.rlfasteners.com\/wp-content\/uploads\/2022\/07\/\u51f3\u5b50\u6905\u5b501-3.png\" \/>\n\t<meta property=\"og:image:width\" content=\"913\" \/>\n\t<meta property=\"og:image:height\" content=\"682\" \/>\n\t<meta property=\"og:image:type\" content=\"image\/png\" \/>\n<meta name=\"twitter:card\" content=\"summary_large_image\" \/>\n<meta name=\"twitter:label1\" content=\"Gesch\u00e4tzte Lesezeit\" \/>\n\t<meta name=\"twitter:data1\" content=\"1\u00a0Minute\" \/>\n<script type=\"application\/ld+json\" class=\"yoast-schema-graph\">{\"@context\":\"https:\/\/schema.org\",\"@graph\":[{\"@type\":\"WebPage\",\"@id\":\"https:\/\/www.rlfasteners.com\/furniture-fastening\/\",\"url\":\"https:\/\/www.rlfasteners.com\/furniture-fastening\/\",\"name\":\"Furniture Fastening | CNRL Fastener Manufacturer\",\"isPartOf\":{\"@id\":\"https:\/\/www.rlfasteners.com\/#website\"},\"primaryImageOfPage\":{\"@id\":\"https:\/\/www.rlfasteners.com\/furniture-fastening\/#primaryimage\"},\"image\":{\"@id\":\"https:\/\/www.rlfasteners.com\/furniture-fastening\/#primaryimage\"},\"thumbnailUrl\":\"https:\/\/www.rlfasteners.com\/wp-content\/uploads\/2022\/07\/\u51f3\u5b50\u6905\u5b501-3.png\",\"datePublished\":\"2022-07-08T00:36:53+00:00\",\"dateModified\":\"2023-07-20T02:10:18+00:00\",\"description\":\"And at CNRL, we have a large inventory of standard furniture fasteners that will surely offer you a wide range of products to choose from.\",\"breadcrumb\":{\"@id\":\"https:\/\/www.rlfasteners.com\/furniture-fastening\/#breadcrumb\"},\"inLanguage\":\"de\",\"potentialAction\":[{\"@type\":\"ReadAction\",\"target\":[\"https:\/\/www.rlfasteners.com\/furniture-fastening\/\"]}]},{\"@type\":\"ImageObject\",\"inLanguage\":\"de\",\"@id\":\"https:\/\/www.rlfasteners.com\/furniture-fastening\/#primaryimage\",\"url\":\"https:\/\/www.rlfasteners.com\/wp-content\/uploads\/2022\/07\/\u51f3\u5b50\u6905\u5b501-3.png\",\"contentUrl\":\"https:\/\/www.rlfasteners.com\/wp-content\/uploads\/2022\/07\/\u51f3\u5b50\u6905\u5b501-3.png\",\"width\":913,\"height\":682},{\"@type\":\"BreadcrumbList\",\"@id\":\"https:\/\/www.rlfasteners.com\/furniture-fastening\/#breadcrumb\",\"itemListElement\":[{\"@type\":\"ListItem\",\"position\":1,\"name\":\"Home\",\"item\":\"https:\/\/www.rlfasteners.com\/\"},{\"@type\":\"ListItem\",\"position\":2,\"name\":\"Furniture Fastening\"}]},{\"@type\":\"WebSite\",\"@id\":\"https:\/\/www.rlfasteners.com\/#website\",\"url\":\"https:\/\/www.rlfasteners.com\/\",\"name\":\"Automotive Fastener Manufacturers\u200b - CNRL\",\"description\":\"CNRL specializes in custom fasteners that combine superior quality with cost-effectiveness, optimizing project budgets.\",\"publisher\":{\"@id\":\"https:\/\/www.rlfasteners.com\/#organization\"},\"alternateName\":\"CNRL\",\"potentialAction\":[{\"@type\":\"SearchAction\",\"target\":{\"@type\":\"EntryPoint\",\"urlTemplate\":\"https:\/\/www.rlfasteners.com\/?s={search_term_string}\"},\"query-input\":{\"@type\":\"PropertyValueSpecification\",\"valueRequired\":true,\"valueName\":\"search_term_string\"}}],\"inLanguage\":\"de\"},{\"@type\":\"Organization\",\"@id\":\"https:\/\/www.rlfasteners.com\/#organization\",\"name\":\"CNRL\",\"alternateName\":\"Zhejiang Ruili \uff08CNRL\uff09Auto Parts Co., Ltd.\",\"url\":\"https:\/\/www.rlfasteners.com\/\",\"logo\":{\"@type\":\"ImageObject\",\"inLanguage\":\"de\",\"@id\":\"https:\/\/www.rlfasteners.com\/#\/schema\/logo\/image\/\",\"url\":\"https:\/\/www.rlfasteners.com\/wp-content\/uploads\/2024\/11\/CNRL-Logo2.png\",\"contentUrl\":\"https:\/\/www.rlfasteners.com\/wp-content\/uploads\/2024\/11\/CNRL-Logo2.png\",\"width\":696,\"height\":696,\"caption\":\"CNRL\"},\"image\":{\"@id\":\"https:\/\/www.rlfasteners.com\/#\/schema\/logo\/image\/\"},\"sameAs\":[\"https:\/\/www.facebook.com\/CNRLfasteners\"]}]}<\/script>\n<!-- \/ Yoast SEO plugin. -->","yoast_head_json":{"title":"Furniture Fastening | CNRL Fastener Manufacturer","description":"And at CNRL, we have a large inventory of standard furniture fasteners that will surely offer you a wide range of products to choose from.","robots":{"index":"index","follow":"follow","max-snippet":"max-snippet:-1","max-image-preview":"max-image-preview:large","max-video-preview":"max-video-preview:-1"},"canonical":"https:\/\/www.rlfasteners.com\/de\/furniture-fastening\/","og_locale":"de_DE","og_type":"article","og_title":"Furniture Fastening | CNRL Fastener Manufacturer","og_description":"And at CNRL, we have a large inventory of standard furniture fasteners that will surely offer you a wide range of products to choose from.","og_url":"https:\/\/www.rlfasteners.com\/de\/furniture-fastening\/","og_site_name":"Fastener Manufacturer","article_publisher":"https:\/\/www.facebook.com\/CNRLfasteners","article_modified_time":"2023-07-20T02:10:18+00:00","og_image":[{"width":913,"height":682,"url":"https:\/\/www.rlfasteners.com\/wp-content\/uploads\/2022\/07\/\u51f3\u5b50\u6905\u5b501-3.png","type":"image\/png"}],"twitter_card":"summary_large_image","twitter_misc":{"Gesch\u00e4tzte Lesezeit":"1\u00a0Minute"},"schema":{"@context":"https:\/\/schema.org","@graph":[{"@type":"WebPage","@id":"https:\/\/www.rlfasteners.com\/furniture-fastening\/","url":"https:\/\/www.rlfasteners.com\/furniture-fastening\/","name":"Furniture Fastening | CNRL Fastener Manufacturer","isPartOf":{"@id":"https:\/\/www.rlfasteners.com\/#website"},"primaryImageOfPage":{"@id":"https:\/\/www.rlfasteners.com\/furniture-fastening\/#primaryimage"},"image":{"@id":"https:\/\/www.rlfasteners.com\/furniture-fastening\/#primaryimage"},"thumbnailUrl":"https:\/\/www.rlfasteners.com\/wp-content\/uploads\/2022\/07\/\u51f3\u5b50\u6905\u5b501-3.png","datePublished":"2022-07-08T00:36:53+00:00","dateModified":"2023-07-20T02:10:18+00:00","description":"And at CNRL, we have a large inventory of standard furniture fasteners that will surely offer you a wide range of products to choose from.","breadcrumb":{"@id":"https:\/\/www.rlfasteners.com\/furniture-fastening\/#breadcrumb"},"inLanguage":"de","potentialAction":[{"@type":"ReadAction","target":["https:\/\/www.rlfasteners.com\/furniture-fastening\/"]}]},{"@type":"ImageObject","inLanguage":"de","@id":"https:\/\/www.rlfasteners.com\/furniture-fastening\/#primaryimage","url":"https:\/\/www.rlfasteners.com\/wp-content\/uploads\/2022\/07\/\u51f3\u5b50\u6905\u5b501-3.png","contentUrl":"https:\/\/www.rlfasteners.com\/wp-content\/uploads\/2022\/07\/\u51f3\u5b50\u6905\u5b501-3.png","width":913,"height":682},{"@type":"BreadcrumbList","@id":"https:\/\/www.rlfasteners.com\/furniture-fastening\/#breadcrumb","itemListElement":[{"@type":"ListItem","position":1,"name":"Home","item":"https:\/\/www.rlfasteners.com\/"},{"@type":"ListItem","position":2,"name":"Furniture Fastening"}]},{"@type":"WebSite","@id":"https:\/\/www.rlfasteners.com\/#website","url":"https:\/\/www.rlfasteners.com\/","name":"Automotive Fastener Manufacturers\u200b - CNRL","description":"CNRL specializes in custom fasteners that combine superior quality with cost-effectiveness, optimizing project budgets.","publisher":{"@id":"https:\/\/www.rlfasteners.com\/#organization"},"alternateName":"CNRL","potentialAction":[{"@type":"SearchAction","target":{"@type":"EntryPoint","urlTemplate":"https:\/\/www.rlfasteners.com\/?s={search_term_string}"},"query-input":{"@type":"PropertyValueSpecification","valueRequired":true,"valueName":"search_term_string"}}],"inLanguage":"de"},{"@type":"Organization","@id":"https:\/\/www.rlfasteners.com\/#organization","name":"CNRL","alternateName":"Zhejiang Ruili \uff08CNRL\uff09Auto Parts Co., Ltd.","url":"https:\/\/www.rlfasteners.com\/","logo":{"@type":"ImageObject","inLanguage":"de","@id":"https:\/\/www.rlfasteners.com\/#\/schema\/logo\/image\/","url":"https:\/\/www.rlfasteners.com\/wp-content\/uploads\/2024\/11\/CNRL-Logo2.png","contentUrl":"https:\/\/www.rlfasteners.com\/wp-content\/uploads\/2024\/11\/CNRL-Logo2.png","width":696,"height":696,"caption":"CNRL"},"image":{"@id":"https:\/\/www.rlfasteners.com\/#\/schema\/logo\/image\/"},"sameAs":["https:\/\/www.facebook.com\/CNRLfasteners"]}]}},"_links":{"self":[{"href":"https:\/\/www.rlfasteners.com\/de\/wp-json\/wp\/v2\/pages\/1004","targetHints":{"allow":["GET"]}}],"collection":[{"href":"https:\/\/www.rlfasteners.com\/de\/wp-json\/wp\/v2\/pages"}],"about":[{"href":"https:\/\/www.rlfasteners.com\/de\/wp-json\/wp\/v2\/types\/page"}],"author":[{"embeddable":true,"href":"https:\/\/www.rlfasteners.com\/de\/wp-json\/wp\/v2\/users\/1"}],"replies":[{"embeddable":true,"href":"https:\/\/www.rlfasteners.com\/de\/wp-json\/wp\/v2\/comments?post=1004"}],"version-history":[{"count":0,"href":"https:\/\/www.rlfasteners.com\/de\/wp-json\/wp\/v2\/pages\/1004\/revisions"}],"wp:featuredmedia":[{"embeddable":true,"href":"https:\/\/www.rlfasteners.com\/de\/wp-json\/wp\/v2\/media\/1303"}],"wp:attachment":[{"href":"https:\/\/www.rlfasteners.com\/de\/wp-json\/wp\/v2\/media?parent=1004"}],"curies":[{"name":"wp","href":"https:\/\/api.w.org\/{rel}","templated":true}]}}