{"id":1006,"date":"2022-07-08T00:37:20","date_gmt":"2022-07-08T00:37:20","guid":{"rendered":"https:\/\/www.rlfasteners.com\/?page_id=1006"},"modified":"2025-07-18T08:32:45","modified_gmt":"2025-07-18T08:32:45","slug":"truck-fastening","status":"publish","type":"page","link":"https:\/\/www.rlfasteners.com\/de\/truck-fastening\/","title":{"rendered":"LKW-Befestigung"},"content":{"rendered":"<p>Seit Jahren arbeiten Hersteller von Verbindungselementen daran, das Gewicht schwerer Nutzfahrzeuge zu reduzieren, gleichzeitig den Kraftstoffverbrauch zu senken und die Fahrzeuge f\u00fcr den Einsatz in rauen Umgebungen zu r\u00fcsten. Daher wurde es zwingend notwendig, die Anzahl und das Gewicht der Verbindungselemente zu reduzieren, was auch eine hoch optimierte Technologie erforderte.<\/p>\n\n\n\n<p>Und bei CNRL nutzt unser Team 30 Jahre Branchenerfahrung als Lieferant hochwertiger technischer Verbindungselemente f\u00fcr Schwerlastfahrzeuge wie Lkw. Im Laufe der Jahre haben wir uns der Nutzfahrzeug- und Schwerlastfahrzeugbranche verschrieben und eng mit den Design- und Entwicklungsteams vieler gro\u00dfer Schwerlastfahrzeughersteller zusammengearbeitet. Dadurch k\u00f6nnen die Ingenieure von CNRL die Branche und ihre Anforderungen verstehen und st\u00e4ndig innovativere Materialien, Fertigungstechniken und hochoptimierte Verbindungselemente entwickeln. Mit einem flexiblen Lkw-Verbindungselement und einer umfassenden Palette an Bolzenarten k\u00f6nnen Ihre individuellen Verbindungselementanforderungen der Schwerlastfahrzeughersteller umgehend erf\u00fcllt werden.<\/p>","protected":false},"excerpt":{"rendered":"<p>Seit Jahren arbeiten Hersteller von Befestigungselementen daran, das Gewicht schwerer Nutzfahrzeuge zu reduzieren, gleichzeitig die Kraftstoffeffizienz zu erh\u00f6hen und die Fahrzeuge f\u00fcr den Einsatz in rauen Umgebungen zu r\u00fcsten. Daher wurde es zwingend notwendig, die Anzahl und das Gewicht der Befestigungselemente zu reduzieren, was auch eine hochoptimierte Technologie erforderte. Und bei CNRL nutzt unser Team 30 Jahre Erfahrung [\u2026]<\/p>","protected":false},"author":1,"featured_media":1305,"parent":0,"menu_order":0,"comment_status":"closed","ping_status":"closed","template":"template-solutions.php","meta":{"footnotes":""},"class_list":["post-1006","page","type-page","status-publish","has-post-thumbnail","hentry"],"yoast_head":"<!-- This site is optimized with the Yoast SEO plugin v23.8 - https:\/\/yoast.com\/wordpress\/plugins\/seo\/ -->\n<title>Expert Truck Fastener Manufacturer Solutions | CNRL<\/title>\n<meta name=\"description\" content=\"CNRL is a leading truck fastener manufacturer, providing high-quality engineering fasteners for heavy-duty vehicles. Partner with CNRL today.\" \/>\n<meta name=\"robots\" content=\"index, follow, max-snippet:-1, max-image-preview:large, max-video-preview:-1\" \/>\n<link rel=\"canonical\" href=\"https:\/\/www.rlfasteners.com\/de\/truck-fastening\/\" \/>\n<meta property=\"og:locale\" content=\"de_DE\" \/>\n<meta property=\"og:type\" content=\"article\" \/>\n<meta property=\"og:title\" content=\"Expert Truck Fastener Manufacturer Solutions | CNRL\" \/>\n<meta property=\"og:description\" content=\"CNRL is a leading truck fastener manufacturer, providing high-quality engineering fasteners for heavy-duty vehicles. Partner with CNRL today.\" \/>\n<meta property=\"og:url\" content=\"https:\/\/www.rlfasteners.com\/de\/truck-fastening\/\" \/>\n<meta property=\"og:site_name\" content=\"Fastener Manufacturer\" \/>\n<meta property=\"article:publisher\" content=\"https:\/\/www.facebook.com\/CNRLfasteners\" \/>\n<meta property=\"article:modified_time\" content=\"2025-07-18T08:32:45+00:00\" \/>\n<meta property=\"og:image\" content=\"https:\/\/www.rlfasteners.com\/wp-content\/uploads\/2022\/07\/\u6d77\u9644\u8fd1\u7684\u516c\u8def\u4e0a\u7684\u5361\u8f66-1.jpg\" \/>\n\t<meta property=\"og:image:width\" content=\"1000\" \/>\n\t<meta property=\"og:image:height\" content=\"667\" \/>\n\t<meta property=\"og:image:type\" content=\"image\/jpeg\" \/>\n<meta name=\"twitter:card\" content=\"summary_large_image\" \/>\n<meta name=\"twitter:label1\" content=\"Gesch\u00e4tzte Lesezeit\" \/>\n\t<meta name=\"twitter:data1\" content=\"1\u00a0Minute\" \/>\n<script type=\"application\/ld+json\" class=\"yoast-schema-graph\">{\"@context\":\"https:\/\/schema.org\",\"@graph\":[{\"@type\":\"WebPage\",\"@id\":\"https:\/\/www.rlfasteners.com\/truck-fastening\/\",\"url\":\"https:\/\/www.rlfasteners.com\/truck-fastening\/\",\"name\":\"Expert Truck Fastener Manufacturer Solutions | CNRL\",\"isPartOf\":{\"@id\":\"https:\/\/www.rlfasteners.com\/#website\"},\"primaryImageOfPage\":{\"@id\":\"https:\/\/www.rlfasteners.com\/truck-fastening\/#primaryimage\"},\"image\":{\"@id\":\"https:\/\/www.rlfasteners.com\/truck-fastening\/#primaryimage\"},\"thumbnailUrl\":\"https:\/\/www.rlfasteners.com\/wp-content\/uploads\/2022\/07\/\u6d77\u9644\u8fd1\u7684\u516c\u8def\u4e0a\u7684\u5361\u8f66-1.jpg\",\"datePublished\":\"2022-07-08T00:37:20+00:00\",\"dateModified\":\"2025-07-18T08:32:45+00:00\",\"description\":\"CNRL is a leading truck fastener manufacturer, providing high-quality engineering fasteners for heavy-duty vehicles. Partner with CNRL today.\",\"breadcrumb\":{\"@id\":\"https:\/\/www.rlfasteners.com\/truck-fastening\/#breadcrumb\"},\"inLanguage\":\"de\",\"potentialAction\":[{\"@type\":\"ReadAction\",\"target\":[\"https:\/\/www.rlfasteners.com\/truck-fastening\/\"]}]},{\"@type\":\"ImageObject\",\"inLanguage\":\"de\",\"@id\":\"https:\/\/www.rlfasteners.com\/truck-fastening\/#primaryimage\",\"url\":\"https:\/\/www.rlfasteners.com\/wp-content\/uploads\/2022\/07\/\u6d77\u9644\u8fd1\u7684\u516c\u8def\u4e0a\u7684\u5361\u8f66-1.jpg\",\"contentUrl\":\"https:\/\/www.rlfasteners.com\/wp-content\/uploads\/2022\/07\/\u6d77\u9644\u8fd1\u7684\u516c\u8def\u4e0a\u7684\u5361\u8f66-1.jpg\",\"width\":1000,\"height\":667},{\"@type\":\"BreadcrumbList\",\"@id\":\"https:\/\/www.rlfasteners.com\/truck-fastening\/#breadcrumb\",\"itemListElement\":[{\"@type\":\"ListItem\",\"position\":1,\"name\":\"Home\",\"item\":\"https:\/\/www.rlfasteners.com\/\"},{\"@type\":\"ListItem\",\"position\":2,\"name\":\"Truck Fastening\"}]},{\"@type\":\"WebSite\",\"@id\":\"https:\/\/www.rlfasteners.com\/#website\",\"url\":\"https:\/\/www.rlfasteners.com\/\",\"name\":\"Automotive Fastener Manufacturers\u200b - CNRL\",\"description\":\"CNRL specializes in custom fasteners that combine superior quality with cost-effectiveness, optimizing project budgets.\",\"publisher\":{\"@id\":\"https:\/\/www.rlfasteners.com\/#organization\"},\"alternateName\":\"CNRL\",\"potentialAction\":[{\"@type\":\"SearchAction\",\"target\":{\"@type\":\"EntryPoint\",\"urlTemplate\":\"https:\/\/www.rlfasteners.com\/?s={search_term_string}\"},\"query-input\":{\"@type\":\"PropertyValueSpecification\",\"valueRequired\":true,\"valueName\":\"search_term_string\"}}],\"inLanguage\":\"de\"},{\"@type\":\"Organization\",\"@id\":\"https:\/\/www.rlfasteners.com\/#organization\",\"name\":\"CNRL\",\"alternateName\":\"Zhejiang Ruili \uff08CNRL\uff09Auto Parts Co., Ltd.\",\"url\":\"https:\/\/www.rlfasteners.com\/\",\"logo\":{\"@type\":\"ImageObject\",\"inLanguage\":\"de\",\"@id\":\"https:\/\/www.rlfasteners.com\/#\/schema\/logo\/image\/\",\"url\":\"https:\/\/www.rlfasteners.com\/wp-content\/uploads\/2024\/11\/CNRL-Logo2.png\",\"contentUrl\":\"https:\/\/www.rlfasteners.com\/wp-content\/uploads\/2024\/11\/CNRL-Logo2.png\",\"width\":696,\"height\":696,\"caption\":\"CNRL\"},\"image\":{\"@id\":\"https:\/\/www.rlfasteners.com\/#\/schema\/logo\/image\/\"},\"sameAs\":[\"https:\/\/www.facebook.com\/CNRLfasteners\"]}]}<\/script>\n<!-- \/ Yoast SEO plugin. -->","yoast_head_json":{"title":"Expert Truck Fastener Manufacturer Solutions | CNRL","description":"CNRL is a leading truck fastener manufacturer, providing high-quality engineering fasteners for heavy-duty vehicles. Partner with CNRL today.","robots":{"index":"index","follow":"follow","max-snippet":"max-snippet:-1","max-image-preview":"max-image-preview:large","max-video-preview":"max-video-preview:-1"},"canonical":"https:\/\/www.rlfasteners.com\/de\/truck-fastening\/","og_locale":"de_DE","og_type":"article","og_title":"Expert Truck Fastener Manufacturer Solutions | CNRL","og_description":"CNRL is a leading truck fastener manufacturer, providing high-quality engineering fasteners for heavy-duty vehicles. Partner with CNRL today.","og_url":"https:\/\/www.rlfasteners.com\/de\/truck-fastening\/","og_site_name":"Fastener Manufacturer","article_publisher":"https:\/\/www.facebook.com\/CNRLfasteners","article_modified_time":"2025-07-18T08:32:45+00:00","og_image":[{"width":1000,"height":667,"url":"https:\/\/www.rlfasteners.com\/wp-content\/uploads\/2022\/07\/\u6d77\u9644\u8fd1\u7684\u516c\u8def\u4e0a\u7684\u5361\u8f66-1.jpg","type":"image\/jpeg"}],"twitter_card":"summary_large_image","twitter_misc":{"Gesch\u00e4tzte Lesezeit":"1\u00a0Minute"},"schema":{"@context":"https:\/\/schema.org","@graph":[{"@type":"WebPage","@id":"https:\/\/www.rlfasteners.com\/truck-fastening\/","url":"https:\/\/www.rlfasteners.com\/truck-fastening\/","name":"Expert Truck Fastener Manufacturer Solutions | CNRL","isPartOf":{"@id":"https:\/\/www.rlfasteners.com\/#website"},"primaryImageOfPage":{"@id":"https:\/\/www.rlfasteners.com\/truck-fastening\/#primaryimage"},"image":{"@id":"https:\/\/www.rlfasteners.com\/truck-fastening\/#primaryimage"},"thumbnailUrl":"https:\/\/www.rlfasteners.com\/wp-content\/uploads\/2022\/07\/\u6d77\u9644\u8fd1\u7684\u516c\u8def\u4e0a\u7684\u5361\u8f66-1.jpg","datePublished":"2022-07-08T00:37:20+00:00","dateModified":"2025-07-18T08:32:45+00:00","description":"CNRL is a leading truck fastener manufacturer, providing high-quality engineering fasteners for heavy-duty vehicles. Partner with CNRL today.","breadcrumb":{"@id":"https:\/\/www.rlfasteners.com\/truck-fastening\/#breadcrumb"},"inLanguage":"de","potentialAction":[{"@type":"ReadAction","target":["https:\/\/www.rlfasteners.com\/truck-fastening\/"]}]},{"@type":"ImageObject","inLanguage":"de","@id":"https:\/\/www.rlfasteners.com\/truck-fastening\/#primaryimage","url":"https:\/\/www.rlfasteners.com\/wp-content\/uploads\/2022\/07\/\u6d77\u9644\u8fd1\u7684\u516c\u8def\u4e0a\u7684\u5361\u8f66-1.jpg","contentUrl":"https:\/\/www.rlfasteners.com\/wp-content\/uploads\/2022\/07\/\u6d77\u9644\u8fd1\u7684\u516c\u8def\u4e0a\u7684\u5361\u8f66-1.jpg","width":1000,"height":667},{"@type":"BreadcrumbList","@id":"https:\/\/www.rlfasteners.com\/truck-fastening\/#breadcrumb","itemListElement":[{"@type":"ListItem","position":1,"name":"Home","item":"https:\/\/www.rlfasteners.com\/"},{"@type":"ListItem","position":2,"name":"Truck Fastening"}]},{"@type":"WebSite","@id":"https:\/\/www.rlfasteners.com\/#website","url":"https:\/\/www.rlfasteners.com\/","name":"Automotive Fastener Manufacturers\u200b - CNRL","description":"CNRL specializes in custom fasteners that combine superior quality with cost-effectiveness, optimizing project budgets.","publisher":{"@id":"https:\/\/www.rlfasteners.com\/#organization"},"alternateName":"CNRL","potentialAction":[{"@type":"SearchAction","target":{"@type":"EntryPoint","urlTemplate":"https:\/\/www.rlfasteners.com\/?s={search_term_string}"},"query-input":{"@type":"PropertyValueSpecification","valueRequired":true,"valueName":"search_term_string"}}],"inLanguage":"de"},{"@type":"Organization","@id":"https:\/\/www.rlfasteners.com\/#organization","name":"CNRL","alternateName":"Zhejiang Ruili \uff08CNRL\uff09Auto Parts Co., Ltd.","url":"https:\/\/www.rlfasteners.com\/","logo":{"@type":"ImageObject","inLanguage":"de","@id":"https:\/\/www.rlfasteners.com\/#\/schema\/logo\/image\/","url":"https:\/\/www.rlfasteners.com\/wp-content\/uploads\/2024\/11\/CNRL-Logo2.png","contentUrl":"https:\/\/www.rlfasteners.com\/wp-content\/uploads\/2024\/11\/CNRL-Logo2.png","width":696,"height":696,"caption":"CNRL"},"image":{"@id":"https:\/\/www.rlfasteners.com\/#\/schema\/logo\/image\/"},"sameAs":["https:\/\/www.facebook.com\/CNRLfasteners"]}]}},"_links":{"self":[{"href":"https:\/\/www.rlfasteners.com\/de\/wp-json\/wp\/v2\/pages\/1006","targetHints":{"allow":["GET"]}}],"collection":[{"href":"https:\/\/www.rlfasteners.com\/de\/wp-json\/wp\/v2\/pages"}],"about":[{"href":"https:\/\/www.rlfasteners.com\/de\/wp-json\/wp\/v2\/types\/page"}],"author":[{"embeddable":true,"href":"https:\/\/www.rlfasteners.com\/de\/wp-json\/wp\/v2\/users\/1"}],"replies":[{"embeddable":true,"href":"https:\/\/www.rlfasteners.com\/de\/wp-json\/wp\/v2\/comments?post=1006"}],"version-history":[{"count":0,"href":"https:\/\/www.rlfasteners.com\/de\/wp-json\/wp\/v2\/pages\/1006\/revisions"}],"wp:featuredmedia":[{"embeddable":true,"href":"https:\/\/www.rlfasteners.com\/de\/wp-json\/wp\/v2\/media\/1305"}],"wp:attachment":[{"href":"https:\/\/www.rlfasteners.com\/de\/wp-json\/wp\/v2\/media?parent=1006"}],"curies":[{"name":"wp","href":"https:\/\/api.w.org\/{rel}","templated":true}]}}