{"id":1008,"date":"2022-07-08T00:37:44","date_gmt":"2022-07-08T00:37:44","guid":{"rendered":"https:\/\/www.rlfasteners.com\/?page_id=1008"},"modified":"2022-08-01T09:12:11","modified_gmt":"2022-08-01T09:12:11","slug":"industrial-fastening","status":"publish","type":"page","link":"https:\/\/www.rlfasteners.com\/de\/industrial-fastening\/","title":{"rendered":"Industrielle Befestigung"},"content":{"rendered":"<p>Bei CNRL ist unsere breite Palette an Befestigungsprodukten f\u00fcr verschiedene Ger\u00e4te in mehreren Bereichen geeignet, darunter \u00d6l und Gas, Bergbau, Bausektor, chemische Industrie usw. Unsere Befestigungselemente werden aus hochwertigen synthetischen Rohstoffen und Beschichtungen f\u00fcr extrem hohe Zugfestigkeit, Haltbarkeit und Korrosionsbest\u00e4ndigkeit hergestellt, was ihre gr\u00f6\u00dfere Widerstandskraft in Umgebungen mit hoher Belastung gew\u00e4hrleistet. Durch den Einsatz \u00fcberlegener Technologie sorgen unsere Befestigungskomponenten f\u00fcr Fl\u00fcssigkeitssysteme f\u00fcr optimale Leistung bei der \u00d6lf\u00f6rderung und dem Erdgastransport bei extremen Dr\u00fccken und Temperaturen und erf\u00fcllen die Anforderungen chemischer und petrochemischer Anwendungen. Da Befestigungselemente f\u00fcr Bergbau und Bau stark und pr\u00e4zise sein m\u00fcssen, um dem Druck anspruchsvoller Anwendungen und Umgebungen standzuhalten, entwickeln wir unsere Produkte so, dass sie maximalem Druck standhalten. Und bei CNRL k\u00f6nnen wir alle unsere Kunden mit den langlebigsten Hochleistungsbefestigungen f\u00fcr den Bergbau, den Bau und einer umfassenden Auswahl an Hardwareanforderungen zufriedenstellen!<\/p>","protected":false},"excerpt":{"rendered":"<p>Bei CNRL ist unser breites Sortiment an Befestigungsprodukten f\u00fcr verschiedene Ger\u00e4te in mehreren Bereichen geeignet, darunter \u00d6l und Gas, Bergbauindustrie, Bausektor, chemische Industrie usw. Unsere Befestigungselemente werden aus hochwertigen synthetischen Rohstoffen und Beschichtungen f\u00fcr extrem hohe Zugfestigkeit, Haltbarkeit und Korrosionsbest\u00e4ndigkeit hergestellt, was ihre gr\u00f6\u00dfere Widerstandskraft in Umgebungen mit hoher Beanspruchung gew\u00e4hrleistet. [\u2026]<\/p>","protected":false},"author":1,"featured_media":1304,"parent":0,"menu_order":0,"comment_status":"closed","ping_status":"closed","template":"template-solutions.php","meta":{"footnotes":""},"class_list":["post-1008","page","type-page","status-publish","has-post-thumbnail","hentry"],"yoast_head":"<!-- This site is optimized with the Yoast SEO plugin v23.8 - https:\/\/yoast.com\/wordpress\/plugins\/seo\/ -->\n<title>Industrial Fastening | CNRL Fastener Manufacturer<\/title>\n<meta name=\"description\" content=\"At CNRL, our wide range of fastener products is fit for various equipment in several fields, including the oil &amp; gas,construction sector, etc.\" \/>\n<meta name=\"robots\" content=\"index, follow, max-snippet:-1, max-image-preview:large, max-video-preview:-1\" \/>\n<link rel=\"canonical\" href=\"https:\/\/www.rlfasteners.com\/de\/industrial-fastening\/\" \/>\n<meta property=\"og:locale\" content=\"de_DE\" \/>\n<meta property=\"og:type\" content=\"article\" \/>\n<meta property=\"og:title\" content=\"Industrial Fastening | CNRL Fastener Manufacturer\" \/>\n<meta property=\"og:description\" content=\"At CNRL, our wide range of fastener products is fit for various equipment in several fields, including the oil &amp; gas,construction sector, etc.\" \/>\n<meta property=\"og:url\" content=\"https:\/\/www.rlfasteners.com\/de\/industrial-fastening\/\" \/>\n<meta property=\"og:site_name\" content=\"Fastener Manufacturer\" \/>\n<meta property=\"article:publisher\" content=\"https:\/\/www.facebook.com\/CNRLfasteners\" \/>\n<meta property=\"article:modified_time\" content=\"2022-08-01T09:12:11+00:00\" \/>\n<meta property=\"og:image\" content=\"https:\/\/www.rlfasteners.com\/wp-content\/uploads\/2022\/07\/\u77f3\u6cb91-1-1.png\" \/>\n\t<meta property=\"og:image:width\" content=\"936\" \/>\n\t<meta property=\"og:image:height\" content=\"699\" \/>\n\t<meta property=\"og:image:type\" content=\"image\/png\" \/>\n<meta name=\"twitter:card\" content=\"summary_large_image\" \/>\n<meta name=\"twitter:label1\" content=\"Gesch\u00e4tzte Lesezeit\" \/>\n\t<meta name=\"twitter:data1\" content=\"1\u00a0Minute\" \/>\n<script type=\"application\/ld+json\" class=\"yoast-schema-graph\">{\"@context\":\"https:\/\/schema.org\",\"@graph\":[{\"@type\":\"WebPage\",\"@id\":\"https:\/\/www.rlfasteners.com\/industrial-fastening\/\",\"url\":\"https:\/\/www.rlfasteners.com\/industrial-fastening\/\",\"name\":\"Industrial Fastening | CNRL Fastener Manufacturer\",\"isPartOf\":{\"@id\":\"https:\/\/www.rlfasteners.com\/#website\"},\"primaryImageOfPage\":{\"@id\":\"https:\/\/www.rlfasteners.com\/industrial-fastening\/#primaryimage\"},\"image\":{\"@id\":\"https:\/\/www.rlfasteners.com\/industrial-fastening\/#primaryimage\"},\"thumbnailUrl\":\"https:\/\/www.rlfasteners.com\/wp-content\/uploads\/2022\/07\/\u77f3\u6cb91-1-1.png\",\"datePublished\":\"2022-07-08T00:37:44+00:00\",\"dateModified\":\"2022-08-01T09:12:11+00:00\",\"description\":\"At CNRL, our wide range of fastener products is fit for various equipment in several fields, including the oil & gas,construction sector, etc.\",\"breadcrumb\":{\"@id\":\"https:\/\/www.rlfasteners.com\/industrial-fastening\/#breadcrumb\"},\"inLanguage\":\"de\",\"potentialAction\":[{\"@type\":\"ReadAction\",\"target\":[\"https:\/\/www.rlfasteners.com\/industrial-fastening\/\"]}]},{\"@type\":\"ImageObject\",\"inLanguage\":\"de\",\"@id\":\"https:\/\/www.rlfasteners.com\/industrial-fastening\/#primaryimage\",\"url\":\"https:\/\/www.rlfasteners.com\/wp-content\/uploads\/2022\/07\/\u77f3\u6cb91-1-1.png\",\"contentUrl\":\"https:\/\/www.rlfasteners.com\/wp-content\/uploads\/2022\/07\/\u77f3\u6cb91-1-1.png\",\"width\":936,\"height\":699},{\"@type\":\"BreadcrumbList\",\"@id\":\"https:\/\/www.rlfasteners.com\/industrial-fastening\/#breadcrumb\",\"itemListElement\":[{\"@type\":\"ListItem\",\"position\":1,\"name\":\"Home\",\"item\":\"https:\/\/www.rlfasteners.com\/\"},{\"@type\":\"ListItem\",\"position\":2,\"name\":\"Industrial Fastening\"}]},{\"@type\":\"WebSite\",\"@id\":\"https:\/\/www.rlfasteners.com\/#website\",\"url\":\"https:\/\/www.rlfasteners.com\/\",\"name\":\"Automotive Fastener Manufacturers\u200b - CNRL\",\"description\":\"CNRL specializes in custom fasteners that combine superior quality with cost-effectiveness, optimizing project budgets.\",\"publisher\":{\"@id\":\"https:\/\/www.rlfasteners.com\/#organization\"},\"alternateName\":\"CNRL\",\"potentialAction\":[{\"@type\":\"SearchAction\",\"target\":{\"@type\":\"EntryPoint\",\"urlTemplate\":\"https:\/\/www.rlfasteners.com\/?s={search_term_string}\"},\"query-input\":{\"@type\":\"PropertyValueSpecification\",\"valueRequired\":true,\"valueName\":\"search_term_string\"}}],\"inLanguage\":\"de\"},{\"@type\":\"Organization\",\"@id\":\"https:\/\/www.rlfasteners.com\/#organization\",\"name\":\"CNRL\",\"alternateName\":\"Zhejiang Ruili \uff08CNRL\uff09Auto Parts Co., Ltd.\",\"url\":\"https:\/\/www.rlfasteners.com\/\",\"logo\":{\"@type\":\"ImageObject\",\"inLanguage\":\"de\",\"@id\":\"https:\/\/www.rlfasteners.com\/#\/schema\/logo\/image\/\",\"url\":\"https:\/\/www.rlfasteners.com\/wp-content\/uploads\/2024\/11\/CNRL-Logo2.png\",\"contentUrl\":\"https:\/\/www.rlfasteners.com\/wp-content\/uploads\/2024\/11\/CNRL-Logo2.png\",\"width\":696,\"height\":696,\"caption\":\"CNRL\"},\"image\":{\"@id\":\"https:\/\/www.rlfasteners.com\/#\/schema\/logo\/image\/\"},\"sameAs\":[\"https:\/\/www.facebook.com\/CNRLfasteners\"]}]}<\/script>\n<!-- \/ Yoast SEO plugin. -->","yoast_head_json":{"title":"Industrial Fastening | CNRL Fastener Manufacturer","description":"At CNRL, our wide range of fastener products is fit for various equipment in several fields, including the oil & gas,construction sector, etc.","robots":{"index":"index","follow":"follow","max-snippet":"max-snippet:-1","max-image-preview":"max-image-preview:large","max-video-preview":"max-video-preview:-1"},"canonical":"https:\/\/www.rlfasteners.com\/de\/industrial-fastening\/","og_locale":"de_DE","og_type":"article","og_title":"Industrial Fastening | CNRL Fastener Manufacturer","og_description":"At CNRL, our wide range of fastener products is fit for various equipment in several fields, including the oil & gas,construction sector, etc.","og_url":"https:\/\/www.rlfasteners.com\/de\/industrial-fastening\/","og_site_name":"Fastener Manufacturer","article_publisher":"https:\/\/www.facebook.com\/CNRLfasteners","article_modified_time":"2022-08-01T09:12:11+00:00","og_image":[{"width":936,"height":699,"url":"https:\/\/www.rlfasteners.com\/wp-content\/uploads\/2022\/07\/\u77f3\u6cb91-1-1.png","type":"image\/png"}],"twitter_card":"summary_large_image","twitter_misc":{"Gesch\u00e4tzte Lesezeit":"1\u00a0Minute"},"schema":{"@context":"https:\/\/schema.org","@graph":[{"@type":"WebPage","@id":"https:\/\/www.rlfasteners.com\/industrial-fastening\/","url":"https:\/\/www.rlfasteners.com\/industrial-fastening\/","name":"Industrial Fastening | CNRL Fastener Manufacturer","isPartOf":{"@id":"https:\/\/www.rlfasteners.com\/#website"},"primaryImageOfPage":{"@id":"https:\/\/www.rlfasteners.com\/industrial-fastening\/#primaryimage"},"image":{"@id":"https:\/\/www.rlfasteners.com\/industrial-fastening\/#primaryimage"},"thumbnailUrl":"https:\/\/www.rlfasteners.com\/wp-content\/uploads\/2022\/07\/\u77f3\u6cb91-1-1.png","datePublished":"2022-07-08T00:37:44+00:00","dateModified":"2022-08-01T09:12:11+00:00","description":"At CNRL, our wide range of fastener products is fit for various equipment in several fields, including the oil & gas,construction sector, etc.","breadcrumb":{"@id":"https:\/\/www.rlfasteners.com\/industrial-fastening\/#breadcrumb"},"inLanguage":"de","potentialAction":[{"@type":"ReadAction","target":["https:\/\/www.rlfasteners.com\/industrial-fastening\/"]}]},{"@type":"ImageObject","inLanguage":"de","@id":"https:\/\/www.rlfasteners.com\/industrial-fastening\/#primaryimage","url":"https:\/\/www.rlfasteners.com\/wp-content\/uploads\/2022\/07\/\u77f3\u6cb91-1-1.png","contentUrl":"https:\/\/www.rlfasteners.com\/wp-content\/uploads\/2022\/07\/\u77f3\u6cb91-1-1.png","width":936,"height":699},{"@type":"BreadcrumbList","@id":"https:\/\/www.rlfasteners.com\/industrial-fastening\/#breadcrumb","itemListElement":[{"@type":"ListItem","position":1,"name":"Home","item":"https:\/\/www.rlfasteners.com\/"},{"@type":"ListItem","position":2,"name":"Industrial Fastening"}]},{"@type":"WebSite","@id":"https:\/\/www.rlfasteners.com\/#website","url":"https:\/\/www.rlfasteners.com\/","name":"Automotive Fastener Manufacturers\u200b - CNRL","description":"CNRL specializes in custom fasteners that combine superior quality with cost-effectiveness, optimizing project budgets.","publisher":{"@id":"https:\/\/www.rlfasteners.com\/#organization"},"alternateName":"CNRL","potentialAction":[{"@type":"SearchAction","target":{"@type":"EntryPoint","urlTemplate":"https:\/\/www.rlfasteners.com\/?s={search_term_string}"},"query-input":{"@type":"PropertyValueSpecification","valueRequired":true,"valueName":"search_term_string"}}],"inLanguage":"de"},{"@type":"Organization","@id":"https:\/\/www.rlfasteners.com\/#organization","name":"CNRL","alternateName":"Zhejiang Ruili \uff08CNRL\uff09Auto Parts Co., Ltd.","url":"https:\/\/www.rlfasteners.com\/","logo":{"@type":"ImageObject","inLanguage":"de","@id":"https:\/\/www.rlfasteners.com\/#\/schema\/logo\/image\/","url":"https:\/\/www.rlfasteners.com\/wp-content\/uploads\/2024\/11\/CNRL-Logo2.png","contentUrl":"https:\/\/www.rlfasteners.com\/wp-content\/uploads\/2024\/11\/CNRL-Logo2.png","width":696,"height":696,"caption":"CNRL"},"image":{"@id":"https:\/\/www.rlfasteners.com\/#\/schema\/logo\/image\/"},"sameAs":["https:\/\/www.facebook.com\/CNRLfasteners"]}]}},"_links":{"self":[{"href":"https:\/\/www.rlfasteners.com\/de\/wp-json\/wp\/v2\/pages\/1008","targetHints":{"allow":["GET"]}}],"collection":[{"href":"https:\/\/www.rlfasteners.com\/de\/wp-json\/wp\/v2\/pages"}],"about":[{"href":"https:\/\/www.rlfasteners.com\/de\/wp-json\/wp\/v2\/types\/page"}],"author":[{"embeddable":true,"href":"https:\/\/www.rlfasteners.com\/de\/wp-json\/wp\/v2\/users\/1"}],"replies":[{"embeddable":true,"href":"https:\/\/www.rlfasteners.com\/de\/wp-json\/wp\/v2\/comments?post=1008"}],"version-history":[{"count":0,"href":"https:\/\/www.rlfasteners.com\/de\/wp-json\/wp\/v2\/pages\/1008\/revisions"}],"wp:featuredmedia":[{"embeddable":true,"href":"https:\/\/www.rlfasteners.com\/de\/wp-json\/wp\/v2\/media\/1304"}],"wp:attachment":[{"href":"https:\/\/www.rlfasteners.com\/de\/wp-json\/wp\/v2\/media?parent=1008"}],"curies":[{"name":"wp","href":"https:\/\/api.w.org\/{rel}","templated":true}]}}