{"id":1489,"date":"2024-11-12T01:59:07","date_gmt":"2024-11-12T01:59:07","guid":{"rendered":"https:\/\/www.rlfasteners.com\/?page_id=1489"},"modified":"2025-07-18T08:35:02","modified_gmt":"2025-07-18T08:35:02","slug":"equipment","status":"publish","type":"page","link":"https:\/\/www.rlfasteners.com\/de\/equipment\/","title":{"rendered":"Ausr\u00fcstung"},"content":{"rendered":"<div data-elementor-type=\"wp-page\" data-elementor-id=\"1489\" class=\"elementor elementor-1489\" data-elementor-post-type=\"page\">\n\t\t\t\t<div class=\"elementor-element elementor-element-a35cacf e-flex e-con-boxed e-con e-parent\" data-id=\"a35cacf\" data-element_type=\"container\" data-settings=\"{&quot;background_background&quot;:&quot;classic&quot;}\">\n\t\t\t\t\t<div class=\"e-con-inner\">\n\t\t\t\t<div class=\"elementor-element elementor-element-2256546 elementor-widget elementor-widget-heading\" data-id=\"2256546\" data-element_type=\"widget\" data-widget_type=\"heading.default\">\n\t\t\t\t<div class=\"elementor-widget-container\">\n\t\t\t<h2 class=\"elementor-heading-title elementor-size-default\">Ausr\u00fcstung<\/h2>\t\t<\/div>\n\t\t\t\t<\/div>\n\t\t\t\t\t<\/div>\n\t\t\t\t<\/div>\n\t\t<div class=\"elementor-element elementor-element-00c1f71 e-flex e-con-boxed e-con e-parent\" data-id=\"00c1f71\" data-element_type=\"container\">\n\t\t\t\t\t<div class=\"e-con-inner\">\n\t\t\t\t<div class=\"elementor-element elementor-element-b31d1b6 elementor-widget elementor-widget-text-editor\" data-id=\"b31d1b6\" data-element_type=\"widget\" data-widget_type=\"text-editor.default\">\n\t\t\t\t<div class=\"elementor-widget-container\">\n\t\t\t\t\t\t\t<p><a href=\"https:\/\/www.rlfasteners.com\/de\">Heim<\/a>\u00a0 \u00a0\/  Ausr\u00fcstung<\/p>\t\t\t\t\t\t<\/div>\n\t\t\t\t<\/div>\n\t\t\t\t\t<\/div>\n\t\t\t\t<\/div>\n\t\t<div class=\"elementor-element elementor-element-334a4fb e-flex e-con-boxed e-con e-parent\" data-id=\"334a4fb\" data-element_type=\"container\">\n\t\t\t\t\t<div class=\"e-con-inner\">\n\t\t\t\t<div class=\"elementor-element elementor-element-4ecb9cf elementor-widget elementor-widget-heading\" data-id=\"4ecb9cf\" data-element_type=\"widget\" data-widget_type=\"heading.default\">\n\t\t\t\t<div class=\"elementor-widget-container\">\n\t\t\t<h1 class=\"elementor-heading-title elementor-size-default\">Pr\u00fcfger\u00e4te<\/h1>\t\t<\/div>\n\t\t\t\t<\/div>\n\t\t\t\t<div class=\"elementor-element elementor-element-0b566c6 elementor-widget-divider--view-line elementor-widget elementor-widget-divider\" data-id=\"0b566c6\" data-element_type=\"widget\" data-widget_type=\"divider.default\">\n\t\t\t\t<div class=\"elementor-widget-container\">\n\t\t\t\t\t<div class=\"elementor-divider\">\n\t\t\t<span class=\"elementor-divider-separator\">\n\t\t\t\t\t\t<\/span>\n\t\t<\/div>\n\t\t\t\t<\/div>\n\t\t\t\t<\/div>\n\t\t<div class=\"elementor-element elementor-element-9334313 e-con-full e-flex e-con e-child\" data-id=\"9334313\" data-element_type=\"container\">\n\t\t<div class=\"elementor-element elementor-element-acbfbcf e-con-full e-flex e-con e-child\" data-id=\"acbfbcf\" data-element_type=\"container\">\n\t\t\t\t<div class=\"elementor-element elementor-element-f26ee32 elementor-widget elementor-widget-image\" data-id=\"f26ee32\" data-element_type=\"widget\" data-widget_type=\"image.default\">\n\t\t\t\t<div class=\"elementor-widget-container\">\n\t\t\t\t\t\t\t\t\t\t\t\t\t<img fetchpriority=\"high\" decoding=\"async\" width=\"1000\" height=\"751\" src=\"https:\/\/www.rlfasteners.com\/wp-content\/uploads\/2024\/11\/1.webp\" class=\"attachment-full size-full wp-image-1504\" alt=\"\" srcset=\"https:\/\/www.rlfasteners.com\/wp-content\/uploads\/2024\/11\/1.webp 1000w, https:\/\/www.rlfasteners.com\/wp-content\/uploads\/2024\/11\/1-300x225.webp 300w, https:\/\/www.rlfasteners.com\/wp-content\/uploads\/2024\/11\/1-768x577.webp 768w, https:\/\/www.rlfasteners.com\/wp-content\/uploads\/2024\/11\/1-16x12.webp 16w\" sizes=\"(max-width: 1000px) 100vw, 1000px\" \/>\t\t\t\t\t\t\t\t\t\t\t\t\t<\/div>\n\t\t\t\t<\/div>\n\t\t\t\t<div class=\"elementor-element elementor-element-796e285 elementor-widget elementor-widget-heading\" data-id=\"796e285\" data-element_type=\"widget\" data-widget_type=\"heading.default\">\n\t\t\t\t<div class=\"elementor-widget-container\">\n\t\t\t<h2 class=\"elementor-heading-title elementor-size-default\">Spektrumanalysator<\/h2>\t\t<\/div>\n\t\t\t\t<\/div>\n\t\t\t\t<\/div>\n\t\t<div class=\"elementor-element elementor-element-38831a5 e-con-full e-flex e-con e-child\" data-id=\"38831a5\" data-element_type=\"container\">\n\t\t\t\t<div class=\"elementor-element elementor-element-21ce228 elementor-widget elementor-widget-image\" data-id=\"21ce228\" data-element_type=\"widget\" data-widget_type=\"image.default\">\n\t\t\t\t<div class=\"elementor-widget-container\">\n\t\t\t\t\t\t\t\t\t\t\t\t\t<img decoding=\"async\" width=\"1000\" height=\"751\" src=\"https:\/\/www.rlfasteners.com\/wp-content\/uploads\/2024\/11\/2.webp\" class=\"attachment-full size-full wp-image-1505\" alt=\"\" srcset=\"https:\/\/www.rlfasteners.com\/wp-content\/uploads\/2024\/11\/2.webp 1000w, https:\/\/www.rlfasteners.com\/wp-content\/uploads\/2024\/11\/2-300x225.webp 300w, https:\/\/www.rlfasteners.com\/wp-content\/uploads\/2024\/11\/2-768x577.webp 768w, https:\/\/www.rlfasteners.com\/wp-content\/uploads\/2024\/11\/2-16x12.webp 16w\" sizes=\"(max-width: 1000px) 100vw, 1000px\" \/>\t\t\t\t\t\t\t\t\t\t\t\t\t<\/div>\n\t\t\t\t<\/div>\n\t\t\t\t<div class=\"elementor-element elementor-element-364a225 elementor-widget elementor-widget-heading\" data-id=\"364a225\" data-element_type=\"widget\" data-widget_type=\"heading.default\">\n\t\t\t\t<div class=\"elementor-widget-container\">\n\t\t\t<h2 class=\"elementor-heading-title elementor-size-default\">Metallurgisches Mikroskop<\/h2>\t\t<\/div>\n\t\t\t\t<\/div>\n\t\t\t\t<\/div>\n\t\t<div class=\"elementor-element elementor-element-8e306b9 e-con-full e-flex e-con e-child\" data-id=\"8e306b9\" data-element_type=\"container\">\n\t\t\t\t<div class=\"elementor-element elementor-element-dec27a4 elementor-widget elementor-widget-image\" data-id=\"dec27a4\" data-element_type=\"widget\" data-widget_type=\"image.default\">\n\t\t\t\t<div class=\"elementor-widget-container\">\n\t\t\t\t\t\t\t\t\t\t\t\t\t<img decoding=\"async\" width=\"1000\" height=\"751\" src=\"https:\/\/www.rlfasteners.com\/wp-content\/uploads\/2024\/11\/3.webp\" class=\"attachment-full size-full wp-image-1507\" alt=\"\" srcset=\"https:\/\/www.rlfasteners.com\/wp-content\/uploads\/2024\/11\/3.webp 1000w, https:\/\/www.rlfasteners.com\/wp-content\/uploads\/2024\/11\/3-300x225.webp 300w, https:\/\/www.rlfasteners.com\/wp-content\/uploads\/2024\/11\/3-768x577.webp 768w, https:\/\/www.rlfasteners.com\/wp-content\/uploads\/2024\/11\/3-16x12.webp 16w\" sizes=\"(max-width: 1000px) 100vw, 1000px\" \/>\t\t\t\t\t\t\t\t\t\t\t\t\t<\/div>\n\t\t\t\t<\/div>\n\t\t\t\t<div class=\"elementor-element elementor-element-c1c2552 elementor-widget elementor-widget-heading\" data-id=\"c1c2552\" data-element_type=\"widget\" data-widget_type=\"heading.default\">\n\t\t\t\t<div class=\"elementor-widget-container\">\n\t\t\t<h2 class=\"elementor-heading-title elementor-size-default\">Reibungskoeffizient-Pr\u00fcfmaschine<\/h2>\t\t<\/div>\n\t\t\t\t<\/div>\n\t\t\t\t<\/div>\n\t\t<div class=\"elementor-element elementor-element-4878453 e-con-full e-flex e-con e-child\" data-id=\"4878453\" data-element_type=\"container\">\n\t\t\t\t<div class=\"elementor-element elementor-element-56ddca1 elementor-widget elementor-widget-image\" data-id=\"56ddca1\" data-element_type=\"widget\" data-widget_type=\"image.default\">\n\t\t\t\t<div class=\"elementor-widget-container\">\n\t\t\t\t\t\t\t\t\t\t\t\t\t<img loading=\"lazy\" decoding=\"async\" width=\"1000\" height=\"751\" src=\"https:\/\/www.rlfasteners.com\/wp-content\/uploads\/2024\/11\/4.webp\" class=\"attachment-full size-full wp-image-1508\" alt=\"\" srcset=\"https:\/\/www.rlfasteners.com\/wp-content\/uploads\/2024\/11\/4.webp 1000w, https:\/\/www.rlfasteners.com\/wp-content\/uploads\/2024\/11\/4-300x225.webp 300w, https:\/\/www.rlfasteners.com\/wp-content\/uploads\/2024\/11\/4-768x577.webp 768w, https:\/\/www.rlfasteners.com\/wp-content\/uploads\/2024\/11\/4-16x12.webp 16w\" sizes=\"(max-width: 1000px) 100vw, 1000px\" \/>\t\t\t\t\t\t\t\t\t\t\t\t\t<\/div>\n\t\t\t\t<\/div>\n\t\t\t\t<div class=\"elementor-element elementor-element-5caef88 elementor-widget elementor-widget-heading\" data-id=\"5caef88\" data-element_type=\"widget\" data-widget_type=\"heading.default\">\n\t\t\t\t<div class=\"elementor-widget-container\">\n\t\t\t<h2 class=\"elementor-heading-title elementor-size-default\">Drei Koordinaten<\/h2>\t\t<\/div>\n\t\t\t\t<\/div>\n\t\t\t\t<\/div>\n\t\t<div class=\"elementor-element elementor-element-c1d2f06 e-con-full e-flex e-con e-child\" data-id=\"c1d2f06\" data-element_type=\"container\">\n\t\t\t\t<div class=\"elementor-element elementor-element-23e0e26 elementor-widget elementor-widget-image\" data-id=\"23e0e26\" data-element_type=\"widget\" data-widget_type=\"image.default\">\n\t\t\t\t<div class=\"elementor-widget-container\">\n\t\t\t\t\t\t\t\t\t\t\t\t\t<img loading=\"lazy\" decoding=\"async\" width=\"1000\" height=\"751\" src=\"https:\/\/www.rlfasteners.com\/wp-content\/uploads\/2024\/11\/yanwu.webp\" class=\"attachment-full size-full wp-image-1566\" alt=\"\" srcset=\"https:\/\/www.rlfasteners.com\/wp-content\/uploads\/2024\/11\/yanwu.webp 1000w, https:\/\/www.rlfasteners.com\/wp-content\/uploads\/2024\/11\/yanwu-300x225.webp 300w, https:\/\/www.rlfasteners.com\/wp-content\/uploads\/2024\/11\/yanwu-768x577.webp 768w, https:\/\/www.rlfasteners.com\/wp-content\/uploads\/2024\/11\/yanwu-16x12.webp 16w\" sizes=\"(max-width: 1000px) 100vw, 1000px\" \/>\t\t\t\t\t\t\t\t\t\t\t\t\t<\/div>\n\t\t\t\t<\/div>\n\t\t\t\t<div class=\"elementor-element elementor-element-196919f elementor-widget elementor-widget-heading\" data-id=\"196919f\" data-element_type=\"widget\" data-widget_type=\"heading.default\">\n\t\t\t\t<div class=\"elementor-widget-container\">\n\t\t\t<h2 class=\"elementor-heading-title elementor-size-default\">Salzspr\u00fchtestkammer<\/h2>\t\t<\/div>\n\t\t\t\t<\/div>\n\t\t\t\t<\/div>\n\t\t<div class=\"elementor-element elementor-element-b656f95 e-con-full e-flex e-con e-child\" data-id=\"b656f95\" data-element_type=\"container\">\n\t\t\t\t<div class=\"elementor-element elementor-element-8dfe892 elementor-widget elementor-widget-image\" data-id=\"8dfe892\" data-element_type=\"widget\" data-widget_type=\"image.default\">\n\t\t\t\t<div class=\"elementor-widget-container\">\n\t\t\t\t\t\t\t\t\t\t\t\t\t<img loading=\"lazy\" decoding=\"async\" width=\"1000\" height=\"751\" src=\"https:\/\/www.rlfasteners.com\/wp-content\/uploads\/2024\/11\/7.webp\" class=\"attachment-full size-full wp-image-1510\" alt=\"\" srcset=\"https:\/\/www.rlfasteners.com\/wp-content\/uploads\/2024\/11\/7.webp 1000w, https:\/\/www.rlfasteners.com\/wp-content\/uploads\/2024\/11\/7-300x225.webp 300w, https:\/\/www.rlfasteners.com\/wp-content\/uploads\/2024\/11\/7-768x577.webp 768w, https:\/\/www.rlfasteners.com\/wp-content\/uploads\/2024\/11\/7-16x12.webp 16w\" sizes=\"(max-width: 1000px) 100vw, 1000px\" \/>\t\t\t\t\t\t\t\t\t\t\t\t\t<\/div>\n\t\t\t\t<\/div>\n\t\t\t\t<div class=\"elementor-element elementor-element-e07f3fb elementor-widget elementor-widget-heading\" data-id=\"e07f3fb\" data-element_type=\"widget\" data-widget_type=\"heading.default\">\n\t\t\t\t<div class=\"elementor-widget-container\">\n\t\t\t<h2 class=\"elementor-heading-title elementor-size-default\">Videokamera<\/h2>\t\t<\/div>\n\t\t\t\t<\/div>\n\t\t\t\t<\/div>\n\t\t<div class=\"elementor-element elementor-element-0f8d96f e-con-full e-flex e-con e-child\" data-id=\"0f8d96f\" data-element_type=\"container\">\n\t\t\t\t<div class=\"elementor-element elementor-element-e1a5410 elementor-widget elementor-widget-image\" data-id=\"e1a5410\" data-element_type=\"widget\" data-widget_type=\"image.default\">\n\t\t\t\t<div class=\"elementor-widget-container\">\n\t\t\t\t\t\t\t\t\t\t\t\t\t<img loading=\"lazy\" decoding=\"async\" width=\"1000\" height=\"751\" src=\"https:\/\/www.rlfasteners.com\/wp-content\/uploads\/2024\/11\/8.webp\" class=\"attachment-full size-full wp-image-1511\" alt=\"\" srcset=\"https:\/\/www.rlfasteners.com\/wp-content\/uploads\/2024\/11\/8.webp 1000w, https:\/\/www.rlfasteners.com\/wp-content\/uploads\/2024\/11\/8-300x225.webp 300w, https:\/\/www.rlfasteners.com\/wp-content\/uploads\/2024\/11\/8-768x577.webp 768w, https:\/\/www.rlfasteners.com\/wp-content\/uploads\/2024\/11\/8-16x12.webp 16w\" sizes=\"(max-width: 1000px) 100vw, 1000px\" \/>\t\t\t\t\t\t\t\t\t\t\t\t\t<\/div>\n\t\t\t\t<\/div>\n\t\t\t\t<div class=\"elementor-element elementor-element-2f02498 elementor-widget elementor-widget-heading\" data-id=\"2f02498\" data-element_type=\"widget\" data-widget_type=\"heading.default\">\n\t\t\t\t<div class=\"elementor-widget-container\">\n\t\t\t<h2 class=\"elementor-heading-title elementor-size-default\">H\u00e4rtepr\u00fcfung<\/h2>\t\t<\/div>\n\t\t\t\t<\/div>\n\t\t\t\t<\/div>\n\t\t<div class=\"elementor-element elementor-element-d53d53f e-con-full e-flex e-con e-child\" data-id=\"d53d53f\" data-element_type=\"container\">\n\t\t\t\t<div class=\"elementor-element elementor-element-2337feb elementor-widget elementor-widget-image\" data-id=\"2337feb\" data-element_type=\"widget\" data-widget_type=\"image.default\">\n\t\t\t\t<div class=\"elementor-widget-container\">\n\t\t\t\t\t\t\t\t\t\t\t\t\t<img loading=\"lazy\" decoding=\"async\" width=\"1000\" height=\"751\" src=\"https:\/\/www.rlfasteners.com\/wp-content\/uploads\/2024\/11\/lali.webp\" class=\"attachment-full size-full wp-image-1567\" alt=\"\" srcset=\"https:\/\/www.rlfasteners.com\/wp-content\/uploads\/2024\/11\/lali.webp 1000w, https:\/\/www.rlfasteners.com\/wp-content\/uploads\/2024\/11\/lali-300x225.webp 300w, https:\/\/www.rlfasteners.com\/wp-content\/uploads\/2024\/11\/lali-768x577.webp 768w, https:\/\/www.rlfasteners.com\/wp-content\/uploads\/2024\/11\/lali-16x12.webp 16w\" sizes=\"(max-width: 1000px) 100vw, 1000px\" \/>\t\t\t\t\t\t\t\t\t\t\t\t\t<\/div>\n\t\t\t\t<\/div>\n\t\t\t\t<div class=\"elementor-element elementor-element-5b7caf5 elementor-widget elementor-widget-heading\" data-id=\"5b7caf5\" data-element_type=\"widget\" data-widget_type=\"heading.default\">\n\t\t\t\t<div class=\"elementor-widget-container\">\n\t\t\t<h2 class=\"elementor-heading-title elementor-size-default\">Zugpr\u00fcfmaschine<\/h2>\t\t<\/div>\n\t\t\t\t<\/div>\n\t\t\t\t<\/div>\n\t\t\t\t<\/div>\n\t\t\t\t\t<\/div>\n\t\t\t\t<\/div>\n\t\t<div class=\"elementor-element elementor-element-ecb1def e-flex e-con-boxed e-con e-parent\" data-id=\"ecb1def\" data-element_type=\"container\" data-settings=\"{&quot;background_background&quot;:&quot;classic&quot;}\">\n\t\t\t\t\t<div class=\"e-con-inner\">\n\t\t\t\t<div class=\"elementor-element elementor-element-89b4419 elementor-widget__width-initial elementor-widget elementor-widget-heading\" data-id=\"89b4419\" data-element_type=\"widget\" data-widget_type=\"heading.default\">\n\t\t\t\t<div class=\"elementor-widget-container\">\n\t\t\t<h2 class=\"elementor-heading-title elementor-size-default\">Passen Sie Ihre Befestigungsl\u00f6sung f\u00fcr die Automobilindustrie an<\/h2>\t\t<\/div>\n\t\t\t\t<\/div>\n\t\t\t\t<div class=\"elementor-element elementor-element-2295ab1 elementor-mobile-align-left elementor-widget elementor-widget-button\" data-id=\"2295ab1\" data-element_type=\"widget\" data-widget_type=\"button.default\">\n\t\t\t\t<div class=\"elementor-widget-container\">\n\t\t\t\t\t\t\t<div class=\"elementor-button-wrapper\">\n\t\t\t\t\t<a class=\"elementor-button elementor-button-link elementor-size-sm\" href=\"\/de\/contact\/\">\n\t\t\t\t\t\t<span class=\"elementor-button-content-wrapper\">\n\t\t\t\t\t\t\t\t\t<span class=\"elementor-button-text\">Kontaktieren Sie uns<\/span>\n\t\t\t\t\t<\/span>\n\t\t\t\t\t<\/a>\n\t\t\t\t<\/div>\n\t\t\t\t\t\t<\/div>\n\t\t\t\t<\/div>\n\t\t\t\t\t<\/div>\n\t\t\t\t<\/div>\n\t\t\t\t<\/div>","protected":false},"excerpt":{"rendered":"<p>Ausr\u00fcstung Home \/ Ausr\u00fcstung Pr\u00fcfger\u00e4te Spektrumanalysator Metallurgisches Mikroskop Reibungskoeffizientenpr\u00fcfmaschine Drei-Koordinaten-Salzspr\u00fchtestkammer Videokamera H\u00e4rtepr\u00fcfung Zugpr\u00fcfmaschine Passen Sie Ihre Befestigungsl\u00f6sung f\u00fcr die Automobilindustrie an Kontaktieren Sie uns<\/p>","protected":false},"author":1,"featured_media":0,"parent":0,"menu_order":0,"comment_status":"closed","ping_status":"closed","template":"","meta":{"footnotes":""},"class_list":["post-1489","page","type-page","status-publish","hentry"],"yoast_head":"<!-- This site is optimized with the Yoast SEO plugin v23.8 - https:\/\/yoast.com\/wordpress\/plugins\/seo\/ -->\n<title>Advanced Equipment in Custom Fastener Manufacturing | CNRL<\/title>\n<meta name=\"description\" content=\"Custom fastener manufacturer CNRL ensures product quality through certified capabilities and rigorous testing. Verify CNRL&#039;s qualifications.\" \/>\n<meta name=\"robots\" content=\"index, follow, max-snippet:-1, max-image-preview:large, max-video-preview:-1\" \/>\n<link rel=\"canonical\" href=\"https:\/\/www.rlfasteners.com\/de\/equipment\/\" \/>\n<meta property=\"og:locale\" content=\"de_DE\" \/>\n<meta property=\"og:type\" content=\"article\" \/>\n<meta property=\"og:title\" content=\"Advanced Equipment in Custom Fastener Manufacturing | CNRL\" \/>\n<meta property=\"og:description\" content=\"Custom fastener manufacturer CNRL ensures product quality through certified capabilities and rigorous testing. Verify CNRL&#039;s qualifications.\" \/>\n<meta property=\"og:url\" content=\"https:\/\/www.rlfasteners.com\/de\/equipment\/\" \/>\n<meta property=\"og:site_name\" content=\"Fastener Manufacturer\" \/>\n<meta property=\"article:publisher\" content=\"https:\/\/www.facebook.com\/CNRLfasteners\" \/>\n<meta property=\"article:modified_time\" content=\"2025-07-18T08:35:02+00:00\" \/>\n<meta property=\"og:image\" content=\"https:\/\/www.rlfasteners.com\/wp-content\/uploads\/2024\/11\/1.webp\" \/>\n<meta name=\"twitter:card\" content=\"summary_large_image\" \/>\n<meta name=\"twitter:label1\" content=\"Gesch\u00e4tzte Lesezeit\" \/>\n\t<meta name=\"twitter:data1\" content=\"2\u00a0Minuten\" \/>\n<script type=\"application\/ld+json\" class=\"yoast-schema-graph\">{\"@context\":\"https:\/\/schema.org\",\"@graph\":[{\"@type\":\"WebPage\",\"@id\":\"https:\/\/www.rlfasteners.com\/equipment\/\",\"url\":\"https:\/\/www.rlfasteners.com\/equipment\/\",\"name\":\"Advanced Equipment in Custom Fastener Manufacturing | CNRL\",\"isPartOf\":{\"@id\":\"https:\/\/www.rlfasteners.com\/#website\"},\"primaryImageOfPage\":{\"@id\":\"https:\/\/www.rlfasteners.com\/equipment\/#primaryimage\"},\"image\":{\"@id\":\"https:\/\/www.rlfasteners.com\/equipment\/#primaryimage\"},\"thumbnailUrl\":\"https:\/\/www.rlfasteners.com\/wp-content\/uploads\/2024\/11\/1.webp\",\"datePublished\":\"2024-11-12T01:59:07+00:00\",\"dateModified\":\"2025-07-18T08:35:02+00:00\",\"description\":\"Custom fastener manufacturer CNRL ensures product quality through certified capabilities and rigorous testing. Verify CNRL's qualifications.\",\"breadcrumb\":{\"@id\":\"https:\/\/www.rlfasteners.com\/equipment\/#breadcrumb\"},\"inLanguage\":\"de\",\"potentialAction\":[{\"@type\":\"ReadAction\",\"target\":[\"https:\/\/www.rlfasteners.com\/equipment\/\"]}]},{\"@type\":\"ImageObject\",\"inLanguage\":\"de\",\"@id\":\"https:\/\/www.rlfasteners.com\/equipment\/#primaryimage\",\"url\":\"https:\/\/www.rlfasteners.com\/wp-content\/uploads\/2024\/11\/1.webp\",\"contentUrl\":\"https:\/\/www.rlfasteners.com\/wp-content\/uploads\/2024\/11\/1.webp\"},{\"@type\":\"BreadcrumbList\",\"@id\":\"https:\/\/www.rlfasteners.com\/equipment\/#breadcrumb\",\"itemListElement\":[{\"@type\":\"ListItem\",\"position\":1,\"name\":\"Home\",\"item\":\"https:\/\/www.rlfasteners.com\/\"},{\"@type\":\"ListItem\",\"position\":2,\"name\":\"Equipment\"}]},{\"@type\":\"WebSite\",\"@id\":\"https:\/\/www.rlfasteners.com\/#website\",\"url\":\"https:\/\/www.rlfasteners.com\/\",\"name\":\"Automotive Fastener Manufacturers\u200b - CNRL\",\"description\":\"CNRL specializes in custom fasteners that combine superior quality with cost-effectiveness, optimizing project budgets.\",\"publisher\":{\"@id\":\"https:\/\/www.rlfasteners.com\/#organization\"},\"alternateName\":\"CNRL\",\"potentialAction\":[{\"@type\":\"SearchAction\",\"target\":{\"@type\":\"EntryPoint\",\"urlTemplate\":\"https:\/\/www.rlfasteners.com\/?s={search_term_string}\"},\"query-input\":{\"@type\":\"PropertyValueSpecification\",\"valueRequired\":true,\"valueName\":\"search_term_string\"}}],\"inLanguage\":\"de\"},{\"@type\":\"Organization\",\"@id\":\"https:\/\/www.rlfasteners.com\/#organization\",\"name\":\"CNRL\",\"alternateName\":\"Zhejiang Ruili \uff08CNRL\uff09Auto Parts Co., Ltd.\",\"url\":\"https:\/\/www.rlfasteners.com\/\",\"logo\":{\"@type\":\"ImageObject\",\"inLanguage\":\"de\",\"@id\":\"https:\/\/www.rlfasteners.com\/#\/schema\/logo\/image\/\",\"url\":\"https:\/\/www.rlfasteners.com\/wp-content\/uploads\/2024\/11\/CNRL-Logo2.png\",\"contentUrl\":\"https:\/\/www.rlfasteners.com\/wp-content\/uploads\/2024\/11\/CNRL-Logo2.png\",\"width\":696,\"height\":696,\"caption\":\"CNRL\"},\"image\":{\"@id\":\"https:\/\/www.rlfasteners.com\/#\/schema\/logo\/image\/\"},\"sameAs\":[\"https:\/\/www.facebook.com\/CNRLfasteners\"]}]}<\/script>\n<!-- \/ Yoast SEO plugin. -->","yoast_head_json":{"title":"Advanced Equipment in Custom Fastener Manufacturing | CNRL","description":"Custom fastener manufacturer CNRL ensures product quality through certified capabilities and rigorous testing. Verify CNRL's qualifications.","robots":{"index":"index","follow":"follow","max-snippet":"max-snippet:-1","max-image-preview":"max-image-preview:large","max-video-preview":"max-video-preview:-1"},"canonical":"https:\/\/www.rlfasteners.com\/de\/equipment\/","og_locale":"de_DE","og_type":"article","og_title":"Advanced Equipment in Custom Fastener Manufacturing | CNRL","og_description":"Custom fastener manufacturer CNRL ensures product quality through certified capabilities and rigorous testing. Verify CNRL's qualifications.","og_url":"https:\/\/www.rlfasteners.com\/de\/equipment\/","og_site_name":"Fastener Manufacturer","article_publisher":"https:\/\/www.facebook.com\/CNRLfasteners","article_modified_time":"2025-07-18T08:35:02+00:00","og_image":[{"url":"https:\/\/www.rlfasteners.com\/wp-content\/uploads\/2024\/11\/1.webp"}],"twitter_card":"summary_large_image","twitter_misc":{"Gesch\u00e4tzte Lesezeit":"2\u00a0Minuten"},"schema":{"@context":"https:\/\/schema.org","@graph":[{"@type":"WebPage","@id":"https:\/\/www.rlfasteners.com\/equipment\/","url":"https:\/\/www.rlfasteners.com\/equipment\/","name":"Advanced Equipment in Custom Fastener Manufacturing | CNRL","isPartOf":{"@id":"https:\/\/www.rlfasteners.com\/#website"},"primaryImageOfPage":{"@id":"https:\/\/www.rlfasteners.com\/equipment\/#primaryimage"},"image":{"@id":"https:\/\/www.rlfasteners.com\/equipment\/#primaryimage"},"thumbnailUrl":"https:\/\/www.rlfasteners.com\/wp-content\/uploads\/2024\/11\/1.webp","datePublished":"2024-11-12T01:59:07+00:00","dateModified":"2025-07-18T08:35:02+00:00","description":"Custom fastener manufacturer CNRL ensures product quality through certified capabilities and rigorous testing. Verify CNRL's qualifications.","breadcrumb":{"@id":"https:\/\/www.rlfasteners.com\/equipment\/#breadcrumb"},"inLanguage":"de","potentialAction":[{"@type":"ReadAction","target":["https:\/\/www.rlfasteners.com\/equipment\/"]}]},{"@type":"ImageObject","inLanguage":"de","@id":"https:\/\/www.rlfasteners.com\/equipment\/#primaryimage","url":"https:\/\/www.rlfasteners.com\/wp-content\/uploads\/2024\/11\/1.webp","contentUrl":"https:\/\/www.rlfasteners.com\/wp-content\/uploads\/2024\/11\/1.webp"},{"@type":"BreadcrumbList","@id":"https:\/\/www.rlfasteners.com\/equipment\/#breadcrumb","itemListElement":[{"@type":"ListItem","position":1,"name":"Home","item":"https:\/\/www.rlfasteners.com\/"},{"@type":"ListItem","position":2,"name":"Equipment"}]},{"@type":"WebSite","@id":"https:\/\/www.rlfasteners.com\/#website","url":"https:\/\/www.rlfasteners.com\/","name":"Automotive Fastener Manufacturers\u200b - CNRL","description":"CNRL specializes in custom fasteners that combine superior quality with cost-effectiveness, optimizing project budgets.","publisher":{"@id":"https:\/\/www.rlfasteners.com\/#organization"},"alternateName":"CNRL","potentialAction":[{"@type":"SearchAction","target":{"@type":"EntryPoint","urlTemplate":"https:\/\/www.rlfasteners.com\/?s={search_term_string}"},"query-input":{"@type":"PropertyValueSpecification","valueRequired":true,"valueName":"search_term_string"}}],"inLanguage":"de"},{"@type":"Organization","@id":"https:\/\/www.rlfasteners.com\/#organization","name":"CNRL","alternateName":"Zhejiang Ruili \uff08CNRL\uff09Auto Parts Co., Ltd.","url":"https:\/\/www.rlfasteners.com\/","logo":{"@type":"ImageObject","inLanguage":"de","@id":"https:\/\/www.rlfasteners.com\/#\/schema\/logo\/image\/","url":"https:\/\/www.rlfasteners.com\/wp-content\/uploads\/2024\/11\/CNRL-Logo2.png","contentUrl":"https:\/\/www.rlfasteners.com\/wp-content\/uploads\/2024\/11\/CNRL-Logo2.png","width":696,"height":696,"caption":"CNRL"},"image":{"@id":"https:\/\/www.rlfasteners.com\/#\/schema\/logo\/image\/"},"sameAs":["https:\/\/www.facebook.com\/CNRLfasteners"]}]}},"_links":{"self":[{"href":"https:\/\/www.rlfasteners.com\/de\/wp-json\/wp\/v2\/pages\/1489","targetHints":{"allow":["GET"]}}],"collection":[{"href":"https:\/\/www.rlfasteners.com\/de\/wp-json\/wp\/v2\/pages"}],"about":[{"href":"https:\/\/www.rlfasteners.com\/de\/wp-json\/wp\/v2\/types\/page"}],"author":[{"embeddable":true,"href":"https:\/\/www.rlfasteners.com\/de\/wp-json\/wp\/v2\/users\/1"}],"replies":[{"embeddable":true,"href":"https:\/\/www.rlfasteners.com\/de\/wp-json\/wp\/v2\/comments?post=1489"}],"version-history":[{"count":0,"href":"https:\/\/www.rlfasteners.com\/de\/wp-json\/wp\/v2\/pages\/1489\/revisions"}],"wp:attachment":[{"href":"https:\/\/www.rlfasteners.com\/de\/wp-json\/wp\/v2\/media?parent=1489"}],"curies":[{"name":"wp","href":"https:\/\/api.w.org\/{rel}","templated":true}]}}