{"id":936,"date":"2022-07-04T13:05:46","date_gmt":"2022-07-04T13:05:46","guid":{"rendered":"https:\/\/www.rlfasteners.com\/?page_id=936"},"modified":"2025-07-18T08:32:34","modified_gmt":"2025-07-18T08:32:34","slug":"automotive-solution","status":"publish","type":"page","link":"https:\/\/www.rlfasteners.com\/de\/automotive-solution\/","title":{"rendered":"Automobilbefestigungen"},"content":{"rendered":"<p>Unsere leichten Befestigungselemente f\u00fcr die Automobilindustrie bieten die hohe Leistung, Haltbarkeit und Zuverl\u00e4ssigkeit, die Sie suchen. Wir bieten eine breite Produktpalette f\u00fcr die Automobilmontage, die alle Arten der Automobilherstellung, -reparatur, -wartung und -\u00fcberholung abdeckt. Wir liefern Tausende von Automobilprodukten wie Muttern, Bolzen, Schrauben und Clips, die f\u00fcr jedes Kraftfahrzeug entscheidend sind. Viele unserer Befestigungselemente und Komponenten f\u00fcr die Automobilindustrie werden f\u00fcr bestimmte Fahrzeugmodelle entwickelt und hergestellt, um Ihren Anforderungen gerecht zu werden. Ganz gleich, welche Art von Befestigungsteilen f\u00fcr die Automobilindustrie Sie ben\u00f6tigen, wir verf\u00fcgen \u00fcber die Ressourcen, um Ihnen die richtigen Produkte anzubieten.<\/p>\n\n\n\n<p>Egal, ob Sie Standard- oder Spezialbefestigungen f\u00fcr Ihr einzigartiges Fahrzeug ben\u00f6tigen, kontaktieren Sie uns einfach. Vertrauen Sie darauf, dass die Autoteile und Technologien von CNRL die h\u00f6chsten Standards erf\u00fcllen und Ihre Erwartungen \u00fcbertreffen.<\/p>","protected":false},"excerpt":{"rendered":"<p>Unsere leichten Befestigungselemente f\u00fcr die Automobilindustrie bieten die hohe Leistung, Haltbarkeit und Zuverl\u00e4ssigkeit, die Sie suchen. Wir bieten eine breite Produktpalette f\u00fcr die Automobilmontage, die alle Arten der Automobilherstellung, -reparatur, -wartung und -\u00fcberholung abdeckt. Wir liefern Tausende von Automobilprodukten wie Muttern, Bolzen, Schrauben und Clips, die f\u00fcr [\u2026] entscheidend sind.<\/p>","protected":false},"author":1,"featured_media":1302,"parent":0,"menu_order":0,"comment_status":"closed","ping_status":"closed","template":"template-solutions.php","meta":{"footnotes":""},"class_list":["post-936","page","type-page","status-publish","has-post-thumbnail","hentry"],"yoast_head":"<!-- This site is optimized with the Yoast SEO plugin v23.8 - https:\/\/yoast.com\/wordpress\/plugins\/seo\/ -->\n<title>Custom Automotive Fasteners for OEMs | CNRL<\/title>\n<meta name=\"description\" content=\"CNRL provides custom automotive fasteners for industrial vehicles, ensuring proper fit and long-term use. Contact CNRL for custom options.\" \/>\n<meta name=\"robots\" content=\"index, follow, max-snippet:-1, max-image-preview:large, max-video-preview:-1\" \/>\n<link rel=\"canonical\" href=\"https:\/\/www.rlfasteners.com\/de\/automotive-solution\/\" \/>\n<meta property=\"og:locale\" content=\"de_DE\" \/>\n<meta property=\"og:type\" content=\"article\" \/>\n<meta property=\"og:title\" content=\"Custom Automotive Fasteners for OEMs | CNRL\" \/>\n<meta property=\"og:description\" content=\"CNRL provides custom automotive fasteners for industrial vehicles, ensuring proper fit and long-term use. Contact CNRL for custom options.\" \/>\n<meta property=\"og:url\" content=\"https:\/\/www.rlfasteners.com\/de\/automotive-solution\/\" \/>\n<meta property=\"og:site_name\" content=\"Fastener Manufacturer\" \/>\n<meta property=\"article:publisher\" content=\"https:\/\/www.facebook.com\/CNRLfasteners\" \/>\n<meta property=\"article:modified_time\" content=\"2025-07-18T08:32:34+00:00\" \/>\n<meta property=\"og:image\" content=\"https:\/\/www.rlfasteners.com\/wp-content\/uploads\/2022\/07\/aaa-1-1.png\" \/>\n\t<meta property=\"og:image:width\" content=\"756\" \/>\n\t<meta property=\"og:image:height\" content=\"536\" \/>\n\t<meta property=\"og:image:type\" content=\"image\/png\" \/>\n<meta name=\"twitter:card\" content=\"summary_large_image\" \/>\n<meta name=\"twitter:label1\" content=\"Gesch\u00e4tzte Lesezeit\" \/>\n\t<meta name=\"twitter:data1\" content=\"1\u00a0Minute\" \/>\n<script type=\"application\/ld+json\" class=\"yoast-schema-graph\">{\"@context\":\"https:\/\/schema.org\",\"@graph\":[{\"@type\":\"WebPage\",\"@id\":\"https:\/\/www.rlfasteners.com\/automotive-solution\/\",\"url\":\"https:\/\/www.rlfasteners.com\/automotive-solution\/\",\"name\":\"Custom Automotive Fasteners for OEMs | CNRL\",\"isPartOf\":{\"@id\":\"https:\/\/www.rlfasteners.com\/#website\"},\"primaryImageOfPage\":{\"@id\":\"https:\/\/www.rlfasteners.com\/automotive-solution\/#primaryimage\"},\"image\":{\"@id\":\"https:\/\/www.rlfasteners.com\/automotive-solution\/#primaryimage\"},\"thumbnailUrl\":\"https:\/\/www.rlfasteners.com\/wp-content\/uploads\/2022\/07\/aaa-1-1.png\",\"datePublished\":\"2022-07-04T13:05:46+00:00\",\"dateModified\":\"2025-07-18T08:32:34+00:00\",\"description\":\"CNRL provides custom automotive fasteners for industrial vehicles, ensuring proper fit and long-term use. Contact CNRL for custom options.\",\"breadcrumb\":{\"@id\":\"https:\/\/www.rlfasteners.com\/automotive-solution\/#breadcrumb\"},\"inLanguage\":\"de\",\"potentialAction\":[{\"@type\":\"ReadAction\",\"target\":[\"https:\/\/www.rlfasteners.com\/automotive-solution\/\"]}]},{\"@type\":\"ImageObject\",\"inLanguage\":\"de\",\"@id\":\"https:\/\/www.rlfasteners.com\/automotive-solution\/#primaryimage\",\"url\":\"https:\/\/www.rlfasteners.com\/wp-content\/uploads\/2022\/07\/aaa-1-1.png\",\"contentUrl\":\"https:\/\/www.rlfasteners.com\/wp-content\/uploads\/2022\/07\/aaa-1-1.png\",\"width\":756,\"height\":536},{\"@type\":\"BreadcrumbList\",\"@id\":\"https:\/\/www.rlfasteners.com\/automotive-solution\/#breadcrumb\",\"itemListElement\":[{\"@type\":\"ListItem\",\"position\":1,\"name\":\"Home\",\"item\":\"https:\/\/www.rlfasteners.com\/\"},{\"@type\":\"ListItem\",\"position\":2,\"name\":\"Automotive Fastening\"}]},{\"@type\":\"WebSite\",\"@id\":\"https:\/\/www.rlfasteners.com\/#website\",\"url\":\"https:\/\/www.rlfasteners.com\/\",\"name\":\"Automotive Fastener Manufacturers\u200b - CNRL\",\"description\":\"CNRL specializes in custom fasteners that combine superior quality with cost-effectiveness, optimizing project budgets.\",\"publisher\":{\"@id\":\"https:\/\/www.rlfasteners.com\/#organization\"},\"alternateName\":\"CNRL\",\"potentialAction\":[{\"@type\":\"SearchAction\",\"target\":{\"@type\":\"EntryPoint\",\"urlTemplate\":\"https:\/\/www.rlfasteners.com\/?s={search_term_string}\"},\"query-input\":{\"@type\":\"PropertyValueSpecification\",\"valueRequired\":true,\"valueName\":\"search_term_string\"}}],\"inLanguage\":\"de\"},{\"@type\":\"Organization\",\"@id\":\"https:\/\/www.rlfasteners.com\/#organization\",\"name\":\"CNRL\",\"alternateName\":\"Zhejiang Ruili \uff08CNRL\uff09Auto Parts Co., Ltd.\",\"url\":\"https:\/\/www.rlfasteners.com\/\",\"logo\":{\"@type\":\"ImageObject\",\"inLanguage\":\"de\",\"@id\":\"https:\/\/www.rlfasteners.com\/#\/schema\/logo\/image\/\",\"url\":\"https:\/\/www.rlfasteners.com\/wp-content\/uploads\/2024\/11\/CNRL-Logo2.png\",\"contentUrl\":\"https:\/\/www.rlfasteners.com\/wp-content\/uploads\/2024\/11\/CNRL-Logo2.png\",\"width\":696,\"height\":696,\"caption\":\"CNRL\"},\"image\":{\"@id\":\"https:\/\/www.rlfasteners.com\/#\/schema\/logo\/image\/\"},\"sameAs\":[\"https:\/\/www.facebook.com\/CNRLfasteners\"]}]}<\/script>\n<!-- \/ Yoast SEO plugin. -->","yoast_head_json":{"title":"Custom Automotive Fasteners for OEMs | CNRL","description":"CNRL provides custom automotive fasteners for industrial vehicles, ensuring proper fit and long-term use. Contact CNRL for custom options.","robots":{"index":"index","follow":"follow","max-snippet":"max-snippet:-1","max-image-preview":"max-image-preview:large","max-video-preview":"max-video-preview:-1"},"canonical":"https:\/\/www.rlfasteners.com\/de\/automotive-solution\/","og_locale":"de_DE","og_type":"article","og_title":"Custom Automotive Fasteners for OEMs | CNRL","og_description":"CNRL provides custom automotive fasteners for industrial vehicles, ensuring proper fit and long-term use. Contact CNRL for custom options.","og_url":"https:\/\/www.rlfasteners.com\/de\/automotive-solution\/","og_site_name":"Fastener Manufacturer","article_publisher":"https:\/\/www.facebook.com\/CNRLfasteners","article_modified_time":"2025-07-18T08:32:34+00:00","og_image":[{"width":756,"height":536,"url":"https:\/\/www.rlfasteners.com\/wp-content\/uploads\/2022\/07\/aaa-1-1.png","type":"image\/png"}],"twitter_card":"summary_large_image","twitter_misc":{"Gesch\u00e4tzte Lesezeit":"1\u00a0Minute"},"schema":{"@context":"https:\/\/schema.org","@graph":[{"@type":"WebPage","@id":"https:\/\/www.rlfasteners.com\/automotive-solution\/","url":"https:\/\/www.rlfasteners.com\/automotive-solution\/","name":"Custom Automotive Fasteners for OEMs | CNRL","isPartOf":{"@id":"https:\/\/www.rlfasteners.com\/#website"},"primaryImageOfPage":{"@id":"https:\/\/www.rlfasteners.com\/automotive-solution\/#primaryimage"},"image":{"@id":"https:\/\/www.rlfasteners.com\/automotive-solution\/#primaryimage"},"thumbnailUrl":"https:\/\/www.rlfasteners.com\/wp-content\/uploads\/2022\/07\/aaa-1-1.png","datePublished":"2022-07-04T13:05:46+00:00","dateModified":"2025-07-18T08:32:34+00:00","description":"CNRL provides custom automotive fasteners for industrial vehicles, ensuring proper fit and long-term use. Contact CNRL for custom options.","breadcrumb":{"@id":"https:\/\/www.rlfasteners.com\/automotive-solution\/#breadcrumb"},"inLanguage":"de","potentialAction":[{"@type":"ReadAction","target":["https:\/\/www.rlfasteners.com\/automotive-solution\/"]}]},{"@type":"ImageObject","inLanguage":"de","@id":"https:\/\/www.rlfasteners.com\/automotive-solution\/#primaryimage","url":"https:\/\/www.rlfasteners.com\/wp-content\/uploads\/2022\/07\/aaa-1-1.png","contentUrl":"https:\/\/www.rlfasteners.com\/wp-content\/uploads\/2022\/07\/aaa-1-1.png","width":756,"height":536},{"@type":"BreadcrumbList","@id":"https:\/\/www.rlfasteners.com\/automotive-solution\/#breadcrumb","itemListElement":[{"@type":"ListItem","position":1,"name":"Home","item":"https:\/\/www.rlfasteners.com\/"},{"@type":"ListItem","position":2,"name":"Automotive Fastening"}]},{"@type":"WebSite","@id":"https:\/\/www.rlfasteners.com\/#website","url":"https:\/\/www.rlfasteners.com\/","name":"Automotive Fastener Manufacturers\u200b - CNRL","description":"CNRL specializes in custom fasteners that combine superior quality with cost-effectiveness, optimizing project budgets.","publisher":{"@id":"https:\/\/www.rlfasteners.com\/#organization"},"alternateName":"CNRL","potentialAction":[{"@type":"SearchAction","target":{"@type":"EntryPoint","urlTemplate":"https:\/\/www.rlfasteners.com\/?s={search_term_string}"},"query-input":{"@type":"PropertyValueSpecification","valueRequired":true,"valueName":"search_term_string"}}],"inLanguage":"de"},{"@type":"Organization","@id":"https:\/\/www.rlfasteners.com\/#organization","name":"CNRL","alternateName":"Zhejiang Ruili \uff08CNRL\uff09Auto Parts Co., Ltd.","url":"https:\/\/www.rlfasteners.com\/","logo":{"@type":"ImageObject","inLanguage":"de","@id":"https:\/\/www.rlfasteners.com\/#\/schema\/logo\/image\/","url":"https:\/\/www.rlfasteners.com\/wp-content\/uploads\/2024\/11\/CNRL-Logo2.png","contentUrl":"https:\/\/www.rlfasteners.com\/wp-content\/uploads\/2024\/11\/CNRL-Logo2.png","width":696,"height":696,"caption":"CNRL"},"image":{"@id":"https:\/\/www.rlfasteners.com\/#\/schema\/logo\/image\/"},"sameAs":["https:\/\/www.facebook.com\/CNRLfasteners"]}]}},"_links":{"self":[{"href":"https:\/\/www.rlfasteners.com\/de\/wp-json\/wp\/v2\/pages\/936","targetHints":{"allow":["GET"]}}],"collection":[{"href":"https:\/\/www.rlfasteners.com\/de\/wp-json\/wp\/v2\/pages"}],"about":[{"href":"https:\/\/www.rlfasteners.com\/de\/wp-json\/wp\/v2\/types\/page"}],"author":[{"embeddable":true,"href":"https:\/\/www.rlfasteners.com\/de\/wp-json\/wp\/v2\/users\/1"}],"replies":[{"embeddable":true,"href":"https:\/\/www.rlfasteners.com\/de\/wp-json\/wp\/v2\/comments?post=936"}],"version-history":[{"count":0,"href":"https:\/\/www.rlfasteners.com\/de\/wp-json\/wp\/v2\/pages\/936\/revisions"}],"wp:featuredmedia":[{"embeddable":true,"href":"https:\/\/www.rlfasteners.com\/de\/wp-json\/wp\/v2\/media\/1302"}],"wp:attachment":[{"href":"https:\/\/www.rlfasteners.com\/de\/wp-json\/wp\/v2\/media?parent=936"}],"curies":[{"name":"wp","href":"https:\/\/api.w.org\/{rel}","templated":true}]}}