{"id":1006,"date":"2022-07-08T00:37:20","date_gmt":"2022-07-08T00:37:20","guid":{"rendered":"https:\/\/www.rlfasteners.com\/?page_id=1006"},"modified":"2025-07-18T08:32:45","modified_gmt":"2025-07-18T08:32:45","slug":"truck-fastening","status":"publish","type":"page","link":"https:\/\/www.rlfasteners.com\/pt\/truck-fastening\/","title":{"rendered":"Fixa\u00e7\u00e3o de caminh\u00e3o"},"content":{"rendered":"<p>Durante anos, os fabricantes de fixadores t\u00eam trabalhado para reduzir o peso de ve\u00edculos pesados, ao mesmo tempo em que aumentam a efici\u00eancia de combust\u00edvel e permitem que os ve\u00edculos trabalhem em ambientes severos. Assim, a necessidade de reduzir o n\u00famero e o peso dos fixadores tornou-se imperativa, o que tamb\u00e9m exigiu tecnologia altamente otimizada.<\/p>\n\n\n\n<p>E na CNRL, nossa equipe aproveita 30 anos de experi\u00eancia no setor como fornecedora de fixadores de engenharia de alta qualidade para ve\u00edculos pesados, como caminh\u00f5es. Ao longo dos anos, temos nos comprometido com o setor de ve\u00edculos comerciais e de aplica\u00e7\u00e3o pesada, trabalhando em estreita colabora\u00e7\u00e3o com as equipes de design e engenharia de muitos grandes fabricantes de ve\u00edculos pesados. Isso permite que os engenheiros da CNRL entendam o setor e suas necessidades para explorar constantemente materiais mais inovadores, t\u00e9cnicas de fabrica\u00e7\u00e3o e fixadores altamente otimizados. Com um fixador de caminh\u00e3o flex\u00edvel e uma ampla gama de estilos de parafusos, seus requisitos exclusivos de fixadores de fabricantes de ve\u00edculos pesados podem ser atendidos prontamente.<\/p>","protected":false},"excerpt":{"rendered":"<p>Durante anos, os fabricantes de fixadores t\u00eam trabalhado para reduzir o peso de ve\u00edculos pesados, ao mesmo tempo em que aumentam a efici\u00eancia de combust\u00edvel e permitem que os ve\u00edculos trabalhem em ambientes hostis. Assim, a necessidade de reduzir o n\u00famero e o peso dos fixadores tornou-se imperativa, o que tamb\u00e9m exigiu tecnologia altamente otimizada. E na CNRL, nossa equipe aproveita 30 anos [\u2026]<\/p>","protected":false},"author":1,"featured_media":1305,"parent":0,"menu_order":0,"comment_status":"closed","ping_status":"closed","template":"template-solutions.php","meta":{"footnotes":""},"class_list":["post-1006","page","type-page","status-publish","has-post-thumbnail","hentry"],"yoast_head":"<!-- This site is optimized with the Yoast SEO plugin v23.8 - https:\/\/yoast.com\/wordpress\/plugins\/seo\/ -->\n<title>Expert Truck Fastener Manufacturer Solutions | CNRL<\/title>\n<meta name=\"description\" content=\"CNRL is a leading truck fastener manufacturer, providing high-quality engineering fasteners for heavy-duty vehicles. Partner with CNRL today.\" \/>\n<meta name=\"robots\" content=\"index, follow, max-snippet:-1, max-image-preview:large, max-video-preview:-1\" \/>\n<link rel=\"canonical\" href=\"https:\/\/www.rlfasteners.com\/pt\/truck-fastening\/\" \/>\n<meta property=\"og:locale\" content=\"pt_BR\" \/>\n<meta property=\"og:type\" content=\"article\" \/>\n<meta property=\"og:title\" content=\"Expert Truck Fastener Manufacturer Solutions | CNRL\" \/>\n<meta property=\"og:description\" content=\"CNRL is a leading truck fastener manufacturer, providing high-quality engineering fasteners for heavy-duty vehicles. Partner with CNRL today.\" \/>\n<meta property=\"og:url\" content=\"https:\/\/www.rlfasteners.com\/pt\/truck-fastening\/\" \/>\n<meta property=\"og:site_name\" content=\"Fastener Manufacturer\" \/>\n<meta property=\"article:publisher\" content=\"https:\/\/www.facebook.com\/CNRLfasteners\" \/>\n<meta property=\"article:modified_time\" content=\"2025-07-18T08:32:45+00:00\" \/>\n<meta property=\"og:image\" content=\"https:\/\/www.rlfasteners.com\/wp-content\/uploads\/2022\/07\/\u6d77\u9644\u8fd1\u7684\u516c\u8def\u4e0a\u7684\u5361\u8f66-1.jpg\" \/>\n\t<meta property=\"og:image:width\" content=\"1000\" \/>\n\t<meta property=\"og:image:height\" content=\"667\" \/>\n\t<meta property=\"og:image:type\" content=\"image\/jpeg\" \/>\n<meta name=\"twitter:card\" content=\"summary_large_image\" \/>\n<meta name=\"twitter:label1\" content=\"Est. tempo de leitura\" \/>\n\t<meta name=\"twitter:data1\" content=\"1 minuto\" \/>\n<script type=\"application\/ld+json\" class=\"yoast-schema-graph\">{\"@context\":\"https:\/\/schema.org\",\"@graph\":[{\"@type\":\"WebPage\",\"@id\":\"https:\/\/www.rlfasteners.com\/truck-fastening\/\",\"url\":\"https:\/\/www.rlfasteners.com\/truck-fastening\/\",\"name\":\"Expert Truck Fastener Manufacturer Solutions | CNRL\",\"isPartOf\":{\"@id\":\"https:\/\/www.rlfasteners.com\/#website\"},\"primaryImageOfPage\":{\"@id\":\"https:\/\/www.rlfasteners.com\/truck-fastening\/#primaryimage\"},\"image\":{\"@id\":\"https:\/\/www.rlfasteners.com\/truck-fastening\/#primaryimage\"},\"thumbnailUrl\":\"https:\/\/www.rlfasteners.com\/wp-content\/uploads\/2022\/07\/\u6d77\u9644\u8fd1\u7684\u516c\u8def\u4e0a\u7684\u5361\u8f66-1.jpg\",\"datePublished\":\"2022-07-08T00:37:20+00:00\",\"dateModified\":\"2025-07-18T08:32:45+00:00\",\"description\":\"CNRL is a leading truck fastener manufacturer, providing high-quality engineering fasteners for heavy-duty vehicles. Partner with CNRL today.\",\"breadcrumb\":{\"@id\":\"https:\/\/www.rlfasteners.com\/truck-fastening\/#breadcrumb\"},\"inLanguage\":\"pt-BR\",\"potentialAction\":[{\"@type\":\"ReadAction\",\"target\":[\"https:\/\/www.rlfasteners.com\/truck-fastening\/\"]}]},{\"@type\":\"ImageObject\",\"inLanguage\":\"pt-BR\",\"@id\":\"https:\/\/www.rlfasteners.com\/truck-fastening\/#primaryimage\",\"url\":\"https:\/\/www.rlfasteners.com\/wp-content\/uploads\/2022\/07\/\u6d77\u9644\u8fd1\u7684\u516c\u8def\u4e0a\u7684\u5361\u8f66-1.jpg\",\"contentUrl\":\"https:\/\/www.rlfasteners.com\/wp-content\/uploads\/2022\/07\/\u6d77\u9644\u8fd1\u7684\u516c\u8def\u4e0a\u7684\u5361\u8f66-1.jpg\",\"width\":1000,\"height\":667},{\"@type\":\"BreadcrumbList\",\"@id\":\"https:\/\/www.rlfasteners.com\/truck-fastening\/#breadcrumb\",\"itemListElement\":[{\"@type\":\"ListItem\",\"position\":1,\"name\":\"Home\",\"item\":\"https:\/\/www.rlfasteners.com\/\"},{\"@type\":\"ListItem\",\"position\":2,\"name\":\"Truck Fastening\"}]},{\"@type\":\"WebSite\",\"@id\":\"https:\/\/www.rlfasteners.com\/#website\",\"url\":\"https:\/\/www.rlfasteners.com\/\",\"name\":\"Automotive Fastener Manufacturers\u200b - CNRL\",\"description\":\"CNRL specializes in custom fasteners that combine superior quality with cost-effectiveness, optimizing project budgets.\",\"publisher\":{\"@id\":\"https:\/\/www.rlfasteners.com\/#organization\"},\"alternateName\":\"CNRL\",\"potentialAction\":[{\"@type\":\"SearchAction\",\"target\":{\"@type\":\"EntryPoint\",\"urlTemplate\":\"https:\/\/www.rlfasteners.com\/?s={search_term_string}\"},\"query-input\":{\"@type\":\"PropertyValueSpecification\",\"valueRequired\":true,\"valueName\":\"search_term_string\"}}],\"inLanguage\":\"pt-BR\"},{\"@type\":\"Organization\",\"@id\":\"https:\/\/www.rlfasteners.com\/#organization\",\"name\":\"CNRL\",\"alternateName\":\"Zhejiang Ruili \uff08CNRL\uff09Auto Parts Co., Ltd.\",\"url\":\"https:\/\/www.rlfasteners.com\/\",\"logo\":{\"@type\":\"ImageObject\",\"inLanguage\":\"pt-BR\",\"@id\":\"https:\/\/www.rlfasteners.com\/#\/schema\/logo\/image\/\",\"url\":\"https:\/\/www.rlfasteners.com\/wp-content\/uploads\/2024\/11\/CNRL-Logo2.png\",\"contentUrl\":\"https:\/\/www.rlfasteners.com\/wp-content\/uploads\/2024\/11\/CNRL-Logo2.png\",\"width\":696,\"height\":696,\"caption\":\"CNRL\"},\"image\":{\"@id\":\"https:\/\/www.rlfasteners.com\/#\/schema\/logo\/image\/\"},\"sameAs\":[\"https:\/\/www.facebook.com\/CNRLfasteners\"]}]}<\/script>\n<!-- \/ Yoast SEO plugin. -->","yoast_head_json":{"title":"Expert Truck Fastener Manufacturer Solutions | CNRL","description":"CNRL is a leading truck fastener manufacturer, providing high-quality engineering fasteners for heavy-duty vehicles. Partner with CNRL today.","robots":{"index":"index","follow":"follow","max-snippet":"max-snippet:-1","max-image-preview":"max-image-preview:large","max-video-preview":"max-video-preview:-1"},"canonical":"https:\/\/www.rlfasteners.com\/pt\/truck-fastening\/","og_locale":"pt_BR","og_type":"article","og_title":"Expert Truck Fastener Manufacturer Solutions | CNRL","og_description":"CNRL is a leading truck fastener manufacturer, providing high-quality engineering fasteners for heavy-duty vehicles. Partner with CNRL today.","og_url":"https:\/\/www.rlfasteners.com\/pt\/truck-fastening\/","og_site_name":"Fastener Manufacturer","article_publisher":"https:\/\/www.facebook.com\/CNRLfasteners","article_modified_time":"2025-07-18T08:32:45+00:00","og_image":[{"width":1000,"height":667,"url":"https:\/\/www.rlfasteners.com\/wp-content\/uploads\/2022\/07\/\u6d77\u9644\u8fd1\u7684\u516c\u8def\u4e0a\u7684\u5361\u8f66-1.jpg","type":"image\/jpeg"}],"twitter_card":"summary_large_image","twitter_misc":{"Est. tempo de leitura":"1 minuto"},"schema":{"@context":"https:\/\/schema.org","@graph":[{"@type":"WebPage","@id":"https:\/\/www.rlfasteners.com\/truck-fastening\/","url":"https:\/\/www.rlfasteners.com\/truck-fastening\/","name":"Expert Truck Fastener Manufacturer Solutions | CNRL","isPartOf":{"@id":"https:\/\/www.rlfasteners.com\/#website"},"primaryImageOfPage":{"@id":"https:\/\/www.rlfasteners.com\/truck-fastening\/#primaryimage"},"image":{"@id":"https:\/\/www.rlfasteners.com\/truck-fastening\/#primaryimage"},"thumbnailUrl":"https:\/\/www.rlfasteners.com\/wp-content\/uploads\/2022\/07\/\u6d77\u9644\u8fd1\u7684\u516c\u8def\u4e0a\u7684\u5361\u8f66-1.jpg","datePublished":"2022-07-08T00:37:20+00:00","dateModified":"2025-07-18T08:32:45+00:00","description":"CNRL is a leading truck fastener manufacturer, providing high-quality engineering fasteners for heavy-duty vehicles. Partner with CNRL today.","breadcrumb":{"@id":"https:\/\/www.rlfasteners.com\/truck-fastening\/#breadcrumb"},"inLanguage":"pt-BR","potentialAction":[{"@type":"ReadAction","target":["https:\/\/www.rlfasteners.com\/truck-fastening\/"]}]},{"@type":"ImageObject","inLanguage":"pt-BR","@id":"https:\/\/www.rlfasteners.com\/truck-fastening\/#primaryimage","url":"https:\/\/www.rlfasteners.com\/wp-content\/uploads\/2022\/07\/\u6d77\u9644\u8fd1\u7684\u516c\u8def\u4e0a\u7684\u5361\u8f66-1.jpg","contentUrl":"https:\/\/www.rlfasteners.com\/wp-content\/uploads\/2022\/07\/\u6d77\u9644\u8fd1\u7684\u516c\u8def\u4e0a\u7684\u5361\u8f66-1.jpg","width":1000,"height":667},{"@type":"BreadcrumbList","@id":"https:\/\/www.rlfasteners.com\/truck-fastening\/#breadcrumb","itemListElement":[{"@type":"ListItem","position":1,"name":"Home","item":"https:\/\/www.rlfasteners.com\/"},{"@type":"ListItem","position":2,"name":"Truck Fastening"}]},{"@type":"WebSite","@id":"https:\/\/www.rlfasteners.com\/#website","url":"https:\/\/www.rlfasteners.com\/","name":"Automotive Fastener Manufacturers\u200b - CNRL","description":"CNRL specializes in custom fasteners that combine superior quality with cost-effectiveness, optimizing project budgets.","publisher":{"@id":"https:\/\/www.rlfasteners.com\/#organization"},"alternateName":"CNRL","potentialAction":[{"@type":"SearchAction","target":{"@type":"EntryPoint","urlTemplate":"https:\/\/www.rlfasteners.com\/?s={search_term_string}"},"query-input":{"@type":"PropertyValueSpecification","valueRequired":true,"valueName":"search_term_string"}}],"inLanguage":"pt-BR"},{"@type":"Organization","@id":"https:\/\/www.rlfasteners.com\/#organization","name":"CNRL","alternateName":"Zhejiang Ruili \uff08CNRL\uff09Auto Parts Co., Ltd.","url":"https:\/\/www.rlfasteners.com\/","logo":{"@type":"ImageObject","inLanguage":"pt-BR","@id":"https:\/\/www.rlfasteners.com\/#\/schema\/logo\/image\/","url":"https:\/\/www.rlfasteners.com\/wp-content\/uploads\/2024\/11\/CNRL-Logo2.png","contentUrl":"https:\/\/www.rlfasteners.com\/wp-content\/uploads\/2024\/11\/CNRL-Logo2.png","width":696,"height":696,"caption":"CNRL"},"image":{"@id":"https:\/\/www.rlfasteners.com\/#\/schema\/logo\/image\/"},"sameAs":["https:\/\/www.facebook.com\/CNRLfasteners"]}]}},"_links":{"self":[{"href":"https:\/\/www.rlfasteners.com\/pt\/wp-json\/wp\/v2\/pages\/1006","targetHints":{"allow":["GET"]}}],"collection":[{"href":"https:\/\/www.rlfasteners.com\/pt\/wp-json\/wp\/v2\/pages"}],"about":[{"href":"https:\/\/www.rlfasteners.com\/pt\/wp-json\/wp\/v2\/types\/page"}],"author":[{"embeddable":true,"href":"https:\/\/www.rlfasteners.com\/pt\/wp-json\/wp\/v2\/users\/1"}],"replies":[{"embeddable":true,"href":"https:\/\/www.rlfasteners.com\/pt\/wp-json\/wp\/v2\/comments?post=1006"}],"version-history":[{"count":0,"href":"https:\/\/www.rlfasteners.com\/pt\/wp-json\/wp\/v2\/pages\/1006\/revisions"}],"wp:featuredmedia":[{"embeddable":true,"href":"https:\/\/www.rlfasteners.com\/pt\/wp-json\/wp\/v2\/media\/1305"}],"wp:attachment":[{"href":"https:\/\/www.rlfasteners.com\/pt\/wp-json\/wp\/v2\/media?parent=1006"}],"curies":[{"name":"wp","href":"https:\/\/api.w.org\/{rel}","templated":true}]}}