{"id":1008,"date":"2022-07-08T00:37:44","date_gmt":"2022-07-08T00:37:44","guid":{"rendered":"https:\/\/www.rlfasteners.com\/?page_id=1008"},"modified":"2022-08-01T09:12:11","modified_gmt":"2022-08-01T09:12:11","slug":"industrial-fastening","status":"publish","type":"page","link":"https:\/\/www.rlfasteners.com\/pt\/industrial-fastening\/","title":{"rendered":"Fixa\u00e7\u00e3o Industrial"},"content":{"rendered":"<p>Na CNRL, nossa ampla gama de produtos de fixa\u00e7\u00e3o \u00e9 adequada para v\u00e1rios equipamentos em v\u00e1rios campos, incluindo petr\u00f3leo e g\u00e1s, ind\u00fastria de minera\u00e7\u00e3o, setor de constru\u00e7\u00e3o, ind\u00fastria qu\u00edmica, etc. Nossos fixadores s\u00e3o feitos de mat\u00e9rias-primas sint\u00e9ticas de alta qualidade e revestimentos para resist\u00eancia \u00e0 tra\u00e7\u00e3o extremamente alta, durabilidade e resist\u00eancia \u00e0 corros\u00e3o, garantindo seu maior poder de resist\u00eancia em ambientes de alto estresse. Com o uso de tecnologia superior, nossos componentes de fixa\u00e7\u00e3o do sistema de fluidos trabalham para fornecer desempenho ideal para extra\u00e7\u00e3o de petr\u00f3leo e transporte de g\u00e1s natural em press\u00f5es e temperaturas extremas, atendendo aos requisitos de aplica\u00e7\u00f5es qu\u00edmicas e petroqu\u00edmicas. Por outro lado, como os fixadores de minera\u00e7\u00e3o e constru\u00e7\u00e3o precisam ser fortes e precisos para suportar as press\u00f5es de aplica\u00e7\u00f5es e ambientes exigentes, projetamos nossos produtos para sustentar a press\u00e3o m\u00e1xima. E na CNRL, podemos satisfazer todos os nossos clientes com os fixadores de minera\u00e7\u00e3o para servi\u00e7os pesados mais dur\u00e1veis, fixadores de constru\u00e7\u00e3o e uma sele\u00e7\u00e3o abrangente de demandas de hardware!<\/p>","protected":false},"excerpt":{"rendered":"<p>Na CNRL, nossa ampla gama de produtos de fixa\u00e7\u00e3o \u00e9 adequada para v\u00e1rios equipamentos em v\u00e1rios campos, incluindo petr\u00f3leo e g\u00e1s, ind\u00fastria de minera\u00e7\u00e3o, setor de constru\u00e7\u00e3o, ind\u00fastria qu\u00edmica, etc. Nossos fixadores s\u00e3o feitos de mat\u00e9rias-primas sint\u00e9ticas de alta qualidade e revestimentos para resist\u00eancia \u00e0 tra\u00e7\u00e3o, durabilidade e resist\u00eancia \u00e0 corros\u00e3o extremamente altas, garantindo seu maior poder de resist\u00eancia em ambientes de alto estresse. [\u2026]<\/p>","protected":false},"author":1,"featured_media":1304,"parent":0,"menu_order":0,"comment_status":"closed","ping_status":"closed","template":"template-solutions.php","meta":{"footnotes":""},"class_list":["post-1008","page","type-page","status-publish","has-post-thumbnail","hentry"],"yoast_head":"<!-- This site is optimized with the Yoast SEO plugin v23.8 - https:\/\/yoast.com\/wordpress\/plugins\/seo\/ -->\n<title>Industrial Fastening | CNRL Fastener Manufacturer<\/title>\n<meta name=\"description\" content=\"At CNRL, our wide range of fastener products is fit for various equipment in several fields, including the oil &amp; gas,construction sector, etc.\" \/>\n<meta name=\"robots\" content=\"index, follow, max-snippet:-1, max-image-preview:large, max-video-preview:-1\" \/>\n<link rel=\"canonical\" href=\"https:\/\/www.rlfasteners.com\/pt\/industrial-fastening\/\" \/>\n<meta property=\"og:locale\" content=\"pt_BR\" \/>\n<meta property=\"og:type\" content=\"article\" \/>\n<meta property=\"og:title\" content=\"Industrial Fastening | CNRL Fastener Manufacturer\" \/>\n<meta property=\"og:description\" content=\"At CNRL, our wide range of fastener products is fit for various equipment in several fields, including the oil &amp; gas,construction sector, etc.\" \/>\n<meta property=\"og:url\" content=\"https:\/\/www.rlfasteners.com\/pt\/industrial-fastening\/\" \/>\n<meta property=\"og:site_name\" content=\"Fastener Manufacturer\" \/>\n<meta property=\"article:publisher\" content=\"https:\/\/www.facebook.com\/CNRLfasteners\" \/>\n<meta property=\"article:modified_time\" content=\"2022-08-01T09:12:11+00:00\" \/>\n<meta property=\"og:image\" content=\"https:\/\/www.rlfasteners.com\/wp-content\/uploads\/2022\/07\/\u77f3\u6cb91-1-1.png\" \/>\n\t<meta property=\"og:image:width\" content=\"936\" \/>\n\t<meta property=\"og:image:height\" content=\"699\" \/>\n\t<meta property=\"og:image:type\" content=\"image\/png\" \/>\n<meta name=\"twitter:card\" content=\"summary_large_image\" \/>\n<meta name=\"twitter:label1\" content=\"Est. tempo de leitura\" \/>\n\t<meta name=\"twitter:data1\" content=\"1 minuto\" \/>\n<script type=\"application\/ld+json\" class=\"yoast-schema-graph\">{\"@context\":\"https:\/\/schema.org\",\"@graph\":[{\"@type\":\"WebPage\",\"@id\":\"https:\/\/www.rlfasteners.com\/industrial-fastening\/\",\"url\":\"https:\/\/www.rlfasteners.com\/industrial-fastening\/\",\"name\":\"Industrial Fastening | CNRL Fastener Manufacturer\",\"isPartOf\":{\"@id\":\"https:\/\/www.rlfasteners.com\/#website\"},\"primaryImageOfPage\":{\"@id\":\"https:\/\/www.rlfasteners.com\/industrial-fastening\/#primaryimage\"},\"image\":{\"@id\":\"https:\/\/www.rlfasteners.com\/industrial-fastening\/#primaryimage\"},\"thumbnailUrl\":\"https:\/\/www.rlfasteners.com\/wp-content\/uploads\/2022\/07\/\u77f3\u6cb91-1-1.png\",\"datePublished\":\"2022-07-08T00:37:44+00:00\",\"dateModified\":\"2022-08-01T09:12:11+00:00\",\"description\":\"At CNRL, our wide range of fastener products is fit for various equipment in several fields, including the oil & gas,construction sector, etc.\",\"breadcrumb\":{\"@id\":\"https:\/\/www.rlfasteners.com\/industrial-fastening\/#breadcrumb\"},\"inLanguage\":\"pt-BR\",\"potentialAction\":[{\"@type\":\"ReadAction\",\"target\":[\"https:\/\/www.rlfasteners.com\/industrial-fastening\/\"]}]},{\"@type\":\"ImageObject\",\"inLanguage\":\"pt-BR\",\"@id\":\"https:\/\/www.rlfasteners.com\/industrial-fastening\/#primaryimage\",\"url\":\"https:\/\/www.rlfasteners.com\/wp-content\/uploads\/2022\/07\/\u77f3\u6cb91-1-1.png\",\"contentUrl\":\"https:\/\/www.rlfasteners.com\/wp-content\/uploads\/2022\/07\/\u77f3\u6cb91-1-1.png\",\"width\":936,\"height\":699},{\"@type\":\"BreadcrumbList\",\"@id\":\"https:\/\/www.rlfasteners.com\/industrial-fastening\/#breadcrumb\",\"itemListElement\":[{\"@type\":\"ListItem\",\"position\":1,\"name\":\"Home\",\"item\":\"https:\/\/www.rlfasteners.com\/\"},{\"@type\":\"ListItem\",\"position\":2,\"name\":\"Industrial Fastening\"}]},{\"@type\":\"WebSite\",\"@id\":\"https:\/\/www.rlfasteners.com\/#website\",\"url\":\"https:\/\/www.rlfasteners.com\/\",\"name\":\"Automotive Fastener Manufacturers\u200b - CNRL\",\"description\":\"CNRL specializes in custom fasteners that combine superior quality with cost-effectiveness, optimizing project budgets.\",\"publisher\":{\"@id\":\"https:\/\/www.rlfasteners.com\/#organization\"},\"alternateName\":\"CNRL\",\"potentialAction\":[{\"@type\":\"SearchAction\",\"target\":{\"@type\":\"EntryPoint\",\"urlTemplate\":\"https:\/\/www.rlfasteners.com\/?s={search_term_string}\"},\"query-input\":{\"@type\":\"PropertyValueSpecification\",\"valueRequired\":true,\"valueName\":\"search_term_string\"}}],\"inLanguage\":\"pt-BR\"},{\"@type\":\"Organization\",\"@id\":\"https:\/\/www.rlfasteners.com\/#organization\",\"name\":\"CNRL\",\"alternateName\":\"Zhejiang Ruili \uff08CNRL\uff09Auto Parts Co., Ltd.\",\"url\":\"https:\/\/www.rlfasteners.com\/\",\"logo\":{\"@type\":\"ImageObject\",\"inLanguage\":\"pt-BR\",\"@id\":\"https:\/\/www.rlfasteners.com\/#\/schema\/logo\/image\/\",\"url\":\"https:\/\/www.rlfasteners.com\/wp-content\/uploads\/2024\/11\/CNRL-Logo2.png\",\"contentUrl\":\"https:\/\/www.rlfasteners.com\/wp-content\/uploads\/2024\/11\/CNRL-Logo2.png\",\"width\":696,\"height\":696,\"caption\":\"CNRL\"},\"image\":{\"@id\":\"https:\/\/www.rlfasteners.com\/#\/schema\/logo\/image\/\"},\"sameAs\":[\"https:\/\/www.facebook.com\/CNRLfasteners\"]}]}<\/script>\n<!-- \/ Yoast SEO plugin. -->","yoast_head_json":{"title":"Industrial Fastening | CNRL Fastener Manufacturer","description":"At CNRL, our wide range of fastener products is fit for various equipment in several fields, including the oil & gas,construction sector, etc.","robots":{"index":"index","follow":"follow","max-snippet":"max-snippet:-1","max-image-preview":"max-image-preview:large","max-video-preview":"max-video-preview:-1"},"canonical":"https:\/\/www.rlfasteners.com\/pt\/industrial-fastening\/","og_locale":"pt_BR","og_type":"article","og_title":"Industrial Fastening | CNRL Fastener Manufacturer","og_description":"At CNRL, our wide range of fastener products is fit for various equipment in several fields, including the oil & gas,construction sector, etc.","og_url":"https:\/\/www.rlfasteners.com\/pt\/industrial-fastening\/","og_site_name":"Fastener Manufacturer","article_publisher":"https:\/\/www.facebook.com\/CNRLfasteners","article_modified_time":"2022-08-01T09:12:11+00:00","og_image":[{"width":936,"height":699,"url":"https:\/\/www.rlfasteners.com\/wp-content\/uploads\/2022\/07\/\u77f3\u6cb91-1-1.png","type":"image\/png"}],"twitter_card":"summary_large_image","twitter_misc":{"Est. tempo de leitura":"1 minuto"},"schema":{"@context":"https:\/\/schema.org","@graph":[{"@type":"WebPage","@id":"https:\/\/www.rlfasteners.com\/industrial-fastening\/","url":"https:\/\/www.rlfasteners.com\/industrial-fastening\/","name":"Industrial Fastening | CNRL Fastener Manufacturer","isPartOf":{"@id":"https:\/\/www.rlfasteners.com\/#website"},"primaryImageOfPage":{"@id":"https:\/\/www.rlfasteners.com\/industrial-fastening\/#primaryimage"},"image":{"@id":"https:\/\/www.rlfasteners.com\/industrial-fastening\/#primaryimage"},"thumbnailUrl":"https:\/\/www.rlfasteners.com\/wp-content\/uploads\/2022\/07\/\u77f3\u6cb91-1-1.png","datePublished":"2022-07-08T00:37:44+00:00","dateModified":"2022-08-01T09:12:11+00:00","description":"At CNRL, our wide range of fastener products is fit for various equipment in several fields, including the oil & gas,construction sector, etc.","breadcrumb":{"@id":"https:\/\/www.rlfasteners.com\/industrial-fastening\/#breadcrumb"},"inLanguage":"pt-BR","potentialAction":[{"@type":"ReadAction","target":["https:\/\/www.rlfasteners.com\/industrial-fastening\/"]}]},{"@type":"ImageObject","inLanguage":"pt-BR","@id":"https:\/\/www.rlfasteners.com\/industrial-fastening\/#primaryimage","url":"https:\/\/www.rlfasteners.com\/wp-content\/uploads\/2022\/07\/\u77f3\u6cb91-1-1.png","contentUrl":"https:\/\/www.rlfasteners.com\/wp-content\/uploads\/2022\/07\/\u77f3\u6cb91-1-1.png","width":936,"height":699},{"@type":"BreadcrumbList","@id":"https:\/\/www.rlfasteners.com\/industrial-fastening\/#breadcrumb","itemListElement":[{"@type":"ListItem","position":1,"name":"Home","item":"https:\/\/www.rlfasteners.com\/"},{"@type":"ListItem","position":2,"name":"Industrial Fastening"}]},{"@type":"WebSite","@id":"https:\/\/www.rlfasteners.com\/#website","url":"https:\/\/www.rlfasteners.com\/","name":"Automotive Fastener Manufacturers\u200b - CNRL","description":"CNRL specializes in custom fasteners that combine superior quality with cost-effectiveness, optimizing project budgets.","publisher":{"@id":"https:\/\/www.rlfasteners.com\/#organization"},"alternateName":"CNRL","potentialAction":[{"@type":"SearchAction","target":{"@type":"EntryPoint","urlTemplate":"https:\/\/www.rlfasteners.com\/?s={search_term_string}"},"query-input":{"@type":"PropertyValueSpecification","valueRequired":true,"valueName":"search_term_string"}}],"inLanguage":"pt-BR"},{"@type":"Organization","@id":"https:\/\/www.rlfasteners.com\/#organization","name":"CNRL","alternateName":"Zhejiang Ruili \uff08CNRL\uff09Auto Parts Co., Ltd.","url":"https:\/\/www.rlfasteners.com\/","logo":{"@type":"ImageObject","inLanguage":"pt-BR","@id":"https:\/\/www.rlfasteners.com\/#\/schema\/logo\/image\/","url":"https:\/\/www.rlfasteners.com\/wp-content\/uploads\/2024\/11\/CNRL-Logo2.png","contentUrl":"https:\/\/www.rlfasteners.com\/wp-content\/uploads\/2024\/11\/CNRL-Logo2.png","width":696,"height":696,"caption":"CNRL"},"image":{"@id":"https:\/\/www.rlfasteners.com\/#\/schema\/logo\/image\/"},"sameAs":["https:\/\/www.facebook.com\/CNRLfasteners"]}]}},"_links":{"self":[{"href":"https:\/\/www.rlfasteners.com\/pt\/wp-json\/wp\/v2\/pages\/1008","targetHints":{"allow":["GET"]}}],"collection":[{"href":"https:\/\/www.rlfasteners.com\/pt\/wp-json\/wp\/v2\/pages"}],"about":[{"href":"https:\/\/www.rlfasteners.com\/pt\/wp-json\/wp\/v2\/types\/page"}],"author":[{"embeddable":true,"href":"https:\/\/www.rlfasteners.com\/pt\/wp-json\/wp\/v2\/users\/1"}],"replies":[{"embeddable":true,"href":"https:\/\/www.rlfasteners.com\/pt\/wp-json\/wp\/v2\/comments?post=1008"}],"version-history":[{"count":0,"href":"https:\/\/www.rlfasteners.com\/pt\/wp-json\/wp\/v2\/pages\/1008\/revisions"}],"wp:featuredmedia":[{"embeddable":true,"href":"https:\/\/www.rlfasteners.com\/pt\/wp-json\/wp\/v2\/media\/1304"}],"wp:attachment":[{"href":"https:\/\/www.rlfasteners.com\/pt\/wp-json\/wp\/v2\/media?parent=1008"}],"curies":[{"name":"wp","href":"https:\/\/api.w.org\/{rel}","templated":true}]}}